{"id":13418,"date":"2025-11-07T14:20:41","date_gmt":"2025-11-07T13:20:41","guid":{"rendered":"https:\/\/kongernesferiepark.dk\/erbjudanden\/pingst-erbjudande\/"},"modified":"2025-12-15T10:48:21","modified_gmt":"2025-12-15T09:48:21","slug":"pingst-erbjudande","status":"publish","type":"page","link":"https:\/\/kongernesferiepark.dk\/sv\/erbjudanden\/pingst-erbjudande\/","title":{"rendered":"Pingst-erbjudande"},"content":{"rendered":"\t\t<div data-elementor-type=\"wp-page\" data-elementor-id=\"13418\" class=\"elementor elementor-13418 elementor-11188\" data-elementor-post-type=\"page\">\n\t\t\t\t<div class=\"elementor-element elementor-element-3ec0d6c white e-flex e-con-boxed e-con e-parent\" data-id=\"3ec0d6c\" data-element_type=\"container\" data-settings=\"{&quot;background_background&quot;:&quot;video&quot;,&quot;background_video_link&quot;:&quot;https:\\\/\\\/gostmediaserviceprod.blob.core.windows.net\\\/asset-8924ae05-b924-4a42-90b5-4a0baa05dd52\\\/hero_1920x1080_6000k.mp4&quot;,&quot;background_play_on_mobile&quot;:&quot;yes&quot;,&quot;shape_divider_bottom&quot;:&quot;triangle&quot;,&quot;shape_divider_bottom_negative&quot;:&quot;yes&quot;}\">\n\t\t\t\t\t<div class=\"e-con-inner\">\n\t\t<div class=\"elementor-background-video-container\" aria-hidden=\"true\">\n\t\t\t\t\t\t\t<video class=\"elementor-background-video-hosted\" autoplay muted playsinline loop><\/video>\n\t\t\t\t\t<\/div>\t\t<div class=\"elementor-shape elementor-shape-bottom\" aria-hidden=\"true\" data-negative=\"true\">\n\t\t\t<svg xmlns=\"http:\/\/www.w3.org\/2000\/svg\" viewBox=\"0 0 1000 100\" preserveAspectRatio=\"none\">\n\t<path class=\"elementor-shape-fill\" d=\"M500.2,94.7L0,0v100h1000V0L500.2,94.7z\"\/>\n<\/svg>\t\t<\/div>\n\t\t<div class=\"elementor-element elementor-element-32eb71e e-con-full e-flex elementor-invisible e-con e-child\" data-id=\"32eb71e\" data-element_type=\"container\" data-settings=\"{&quot;animation&quot;:&quot;fadeInDown&quot;,&quot;animation_mobile&quot;:&quot;none&quot;}\">\n\t\t\t\t<div class=\"elementor-element elementor-element-c817e6a elementor-widget elementor-widget-image\" data-id=\"c817e6a\" data-element_type=\"widget\" data-widget_type=\"image.default\">\n\t\t\t\t<div class=\"elementor-widget-container\">\n\t\t\t\t\t\t\t\t\t\t\t\t\t\t\t<img decoding=\"async\" width=\"80\" height=\"80\" src=\"https:\/\/kongernesferiepark.dk\/wp-content\/uploads\/2025\/10\/krone.svg\" class=\"attachment-full size-full wp-image-12301\" alt=\"\" \/>\t\t\t\t\t\t\t\t\t\t\t\t\t\t\t<\/div>\n\t\t\t\t<\/div>\n\t\t\t\t<div class=\"elementor-element elementor-element-2fb7392 elementor-widget elementor-widget-heading\" data-id=\"2fb7392\" data-element_type=\"widget\" data-widget_type=\"heading.default\">\n\t\t\t\t<div class=\"elementor-widget-container\">\n\t\t\t\t\t<h1 class=\"elementor-heading-title elementor-size-default\">Pingst-erbjudande<\/h1>\t\t\t\t<\/div>\n\t\t\t\t<\/div>\n\t\t\t\t<\/div>\n\t\t\t\t\t<\/div>\n\t\t\t\t<\/div>\n\t\t<div class=\"elementor-element elementor-element-afe9122 e-flex e-con-boxed e-con e-parent\" data-id=\"afe9122\" data-element_type=\"container\">\n\t\t\t\t\t<div class=\"e-con-inner\">\n\t\t<div class=\"elementor-element elementor-element-67d8f5d e-con-full e-flex e-con e-child\" data-id=\"67d8f5d\" data-element_type=\"container\">\n\t\t\t\t<div class=\"elementor-element elementor-element-87beb77 elementor-widget elementor-widget-image\" data-id=\"87beb77\" data-element_type=\"widget\" data-widget_type=\"image.default\">\n\t\t\t\t<div class=\"elementor-widget-container\">\n\t\t\t\t\t\t\t\t\t\t\t\t\t\t\t<img fetchpriority=\"high\" decoding=\"async\" width=\"1372\" height=\"2048\" src=\"https:\/\/kongernesferiepark.dk\/wp-content\/uploads\/2025\/11\/Pinsetilbud-2026-vers-scaled.jpg\" class=\"attachment-full size-full wp-image-13120\" alt=\"\" srcset=\"https:\/\/kongernesferiepark.dk\/wp-content\/uploads\/2025\/11\/Pinsetilbud-2026-vers-scaled.jpg 1372w, https:\/\/kongernesferiepark.dk\/wp-content\/uploads\/2025\/11\/Pinsetilbud-2026-vers-335x500.jpg 335w, https:\/\/kongernesferiepark.dk\/wp-content\/uploads\/2025\/11\/Pinsetilbud-2026-vers-670x1000.jpg 670w, https:\/\/kongernesferiepark.dk\/wp-content\/uploads\/2025\/11\/Pinsetilbud-2026-vers-768x1147.jpg 768w, https:\/\/kongernesferiepark.dk\/wp-content\/uploads\/2025\/11\/Pinsetilbud-2026-vers-1029x1536.jpg 1029w\" sizes=\"(max-width: 1372px) 100vw, 1372px\" \/>\t\t\t\t\t\t\t\t\t\t\t\t\t\t\t<\/div>\n\t\t\t\t<\/div>\n\t\t\t\t<\/div>\n\t\t\t\t\t<\/div>\n\t\t\t\t<\/div>\n\t\t<div class=\"elementor-element elementor-element-744e3a6 e-con-full e-flex e-con e-parent\" data-id=\"744e3a6\" data-element_type=\"container\">\n\t\t\t\t<div class=\"elementor-element elementor-element-b58bd5f elementor-widget elementor-widget-template\" data-id=\"b58bd5f\" data-element_type=\"widget\" data-widget_type=\"template.default\">\n\t\t\t\t<div class=\"elementor-widget-container\">\n\t\t\t\t\t\t\t<div class=\"elementor-template\">\n\t\t\t\t\t<div data-elementor-type=\"container\" data-elementor-id=\"13498\" class=\"elementor elementor-13498 elementor-10411\" data-elementor-post-type=\"elementor_library\">\n\t\t\t\t<div class=\"elementor-element elementor-element-b01ab3c white e-con-full e-flex e-con e-parent\" data-id=\"b01ab3c\" data-element_type=\"container\" data-settings=\"{&quot;background_background&quot;:&quot;classic&quot;,&quot;background_motion_fx_motion_fx_scrolling&quot;:&quot;yes&quot;,&quot;background_motion_fx_translateY_effect&quot;:&quot;yes&quot;,&quot;background_motion_fx_translateY_speed&quot;:{&quot;unit&quot;:&quot;px&quot;,&quot;size&quot;:5,&quot;sizes&quot;:[]},&quot;background_motion_fx_translateY_affectedRange&quot;:{&quot;unit&quot;:&quot;%&quot;,&quot;size&quot;:&quot;&quot;,&quot;sizes&quot;:{&quot;start&quot;:0,&quot;end&quot;:100}},&quot;background_motion_fx_devices&quot;:[&quot;desktop&quot;,&quot;laptop&quot;,&quot;tablet&quot;,&quot;mobile&quot;]}\">\n\t\t<div class=\"elementor-element elementor-element-40b4ae8f e-con-full e-flex e-con e-child\" data-id=\"40b4ae8f\" data-element_type=\"container\">\n\t\t\t\t<div class=\"elementor-element elementor-element-100a64e elementor-widget elementor-widget-image\" data-id=\"100a64e\" data-element_type=\"widget\" data-widget_type=\"image.default\">\n\t\t\t\t<div class=\"elementor-widget-container\">\n\t\t\t\t\t\t\t\t\t\t\t\t\t\t\t<img decoding=\"async\" width=\"123\" height=\"206\" src=\"https:\/\/kongernesferiepark.dk\/wp-content\/uploads\/2025\/10\/logo-icon.svg\" class=\"attachment-full size-full wp-image-11552\" alt=\"\" \/>\t\t\t\t\t\t\t\t\t\t\t\t\t\t\t<\/div>\n\t\t\t\t<\/div>\n\t\t\t\t<div class=\"elementor-element elementor-element-4a35733e elementor-widget elementor-widget-text-editor\" data-id=\"4a35733e\" data-element_type=\"widget\" data-widget_type=\"text-editor.default\">\n\t\t\t\t<div class=\"elementor-widget-container\">\n\t\t\t\t\t\t\t\t\t<h2>Boka din semester eller ditt evenemang hos oss<\/h2><p>Vill du ha en semester fylld med mysighet och fantastiska upplevelser \u2013 eller letar du efter en plats att samla familj, v\u00e4nner eller kollegor p\u00e5? D\u00e5 \u00e4r Kongernes Feriepark det sj\u00e4lvklara valet. Vi ser fram emot att v\u00e4lkomna dig och skapa ramen f\u00f6r allt fr\u00e5n en lugn helg till ett roligt f\u00f6retagsevent.  <\/p><p>Kontakta oss idag f\u00f6r att boka eller f\u00e5 veta mer. Du kan ringa oss p\u00e5<a href=\"tel:48318448\" aria-label=\"Telefon nummer\">48 31 84 48<\/a> eller skriv till oss p\u00e5   <a href=\"mailto:info@kongernesferiepark.dk\" aria-label=\"Email adresse\">info@kongernesferiepark.dk<\/a><\/p><p>Vi ses p\u00e5 campingplatsen \u2013 Era v\u00e4rdar, familjen Lundsh\u00f8j.<\/p>\t\t\t\t\t\t\t\t<\/div>\n\t\t\t\t<\/div>\n\t\t\t\t<\/div>\n\t\t\t\t<\/div>\n\t\t\t\t<\/div>\n\t\t\t\t<\/div>\n\t\t\t\t\t\t<\/div>\n\t\t\t\t<\/div>\n\t\t\t\t<\/div>\n\t\t\t\t<\/div>\n\t\t","protected":false},"excerpt":{"rendered":"<p>Pingst-erbjudande<\/p>\n","protected":false},"author":5,"featured_media":13120,"parent":13317,"menu_order":0,"comment_status":"closed","ping_status":"closed","template":"","meta":{"_acf_changed":false,"footnotes":""},"categories":[108],"class_list":{"0":"post-13418","1":"page","2":"type-page","3":"status-publish","4":"has-post-thumbnail","6":"category-erbjudanden"},"acf":[],"yoast_head":"<!-- This site is optimized with the Yoast SEO plugin v27.4 - https:\/\/yoast.com\/product\/yoast-seo-wordpress\/ -->\n<title>Pingst-erbjudande | Kongernes Feriepark<\/title>\n<meta name=\"robots\" content=\"index, follow, max-snippet:-1, max-image-preview:large, max-video-preview:-1\" \/>\n<link rel=\"canonical\" href=\"https:\/\/kongernesferiepark.dk\/sv\/erbjudanden\/pingst-erbjudande\/\" \/>\n<meta property=\"og:locale\" content=\"sv_SE\" \/>\n<meta property=\"og:type\" content=\"article\" \/>\n<meta property=\"og:title\" content=\"Pingst-erbjudande | Kongernes Feriepark\" \/>\n<meta property=\"og:description\" content=\"Pingst-erbjudande\" \/>\n<meta property=\"og:url\" content=\"https:\/\/kongernesferiepark.dk\/sv\/erbjudanden\/pingst-erbjudande\/\" \/>\n<meta property=\"og:site_name\" content=\"Kongernes Feriepark\" \/>\n<meta property=\"article:modified_time\" content=\"2025-12-15T09:48:21+00:00\" \/>\n<meta property=\"og:image\" content=\"https:\/\/kongernesferiepark.dk\/wp-content\/uploads\/2025\/11\/Pinsetilbud-2026-vers-scaled.jpg\" \/>\n\t<meta property=\"og:image:width\" content=\"1372\" \/>\n\t<meta property=\"og:image:height\" content=\"2048\" \/>\n\t<meta property=\"og:image:type\" content=\"image\/jpeg\" \/>\n<meta name=\"twitter:card\" content=\"summary_large_image\" \/>\n<script type=\"application\/ld+json\" class=\"yoast-schema-graph\">{\"@context\":\"https:\\\/\\\/schema.org\",\"@graph\":[{\"@type\":\"WebPage\",\"@id\":\"https:\\\/\\\/kongernesferiepark.dk\\\/sv\\\/erbjudanden\\\/pingst-erbjudande\\\/\",\"url\":\"https:\\\/\\\/kongernesferiepark.dk\\\/sv\\\/erbjudanden\\\/pingst-erbjudande\\\/\",\"name\":\"Pingst-erbjudande | Kongernes Feriepark\",\"isPartOf\":{\"@id\":\"https:\\\/\\\/kongernesferiepark.dk\\\/sv\\\/#website\"},\"primaryImageOfPage\":{\"@id\":\"https:\\\/\\\/kongernesferiepark.dk\\\/sv\\\/erbjudanden\\\/pingst-erbjudande\\\/#primaryimage\"},\"image\":{\"@id\":\"https:\\\/\\\/kongernesferiepark.dk\\\/sv\\\/erbjudanden\\\/pingst-erbjudande\\\/#primaryimage\"},\"thumbnailUrl\":\"https:\\\/\\\/kongernesferiepark.dk\\\/wp-content\\\/uploads\\\/2025\\\/11\\\/Pinsetilbud-2026-vers-scaled.jpg\",\"datePublished\":\"2025-11-07T13:20:41+00:00\",\"dateModified\":\"2025-12-15T09:48:21+00:00\",\"breadcrumb\":{\"@id\":\"https:\\\/\\\/kongernesferiepark.dk\\\/sv\\\/erbjudanden\\\/pingst-erbjudande\\\/#breadcrumb\"},\"inLanguage\":\"sv-SE\",\"potentialAction\":[{\"@type\":\"ReadAction\",\"target\":[\"https:\\\/\\\/kongernesferiepark.dk\\\/sv\\\/erbjudanden\\\/pingst-erbjudande\\\/\"]}]},{\"@type\":\"ImageObject\",\"inLanguage\":\"sv-SE\",\"@id\":\"https:\\\/\\\/kongernesferiepark.dk\\\/sv\\\/erbjudanden\\\/pingst-erbjudande\\\/#primaryimage\",\"url\":\"https:\\\/\\\/kongernesferiepark.dk\\\/wp-content\\\/uploads\\\/2025\\\/11\\\/Pinsetilbud-2026-vers-scaled.jpg\",\"contentUrl\":\"https:\\\/\\\/kongernesferiepark.dk\\\/wp-content\\\/uploads\\\/2025\\\/11\\\/Pinsetilbud-2026-vers-scaled.jpg\",\"width\":1372,\"height\":2048},{\"@type\":\"BreadcrumbList\",\"@id\":\"https:\\\/\\\/kongernesferiepark.dk\\\/sv\\\/erbjudanden\\\/pingst-erbjudande\\\/#breadcrumb\",\"itemListElement\":[{\"@type\":\"ListItem\",\"position\":1,\"name\":\"Forside\",\"item\":\"https:\\\/\\\/kongernesferiepark.dk\\\/sv\\\/\"},{\"@type\":\"ListItem\",\"position\":2,\"name\":\"Erbjudanden\",\"item\":\"https:\\\/\\\/kongernesferiepark.dk\\\/sv\\\/erbjudanden\\\/\"},{\"@type\":\"ListItem\",\"position\":3,\"name\":\"Pingst-erbjudande\"}]},{\"@type\":\"WebSite\",\"@id\":\"https:\\\/\\\/kongernesferiepark.dk\\\/sv\\\/#website\",\"url\":\"https:\\\/\\\/kongernesferiepark.dk\\\/sv\\\/\",\"name\":\"Kongernes Feriepark\",\"description\":\"Campingplads i natursk\u00f8nne omgivelser\",\"publisher\":{\"@id\":\"https:\\\/\\\/kongernesferiepark.dk\\\/sv\\\/#organization\"},\"potentialAction\":[{\"@type\":\"SearchAction\",\"target\":{\"@type\":\"EntryPoint\",\"urlTemplate\":\"https:\\\/\\\/kongernesferiepark.dk\\\/sv\\\/?s={search_term_string}\"},\"query-input\":{\"@type\":\"PropertyValueSpecification\",\"valueRequired\":true,\"valueName\":\"search_term_string\"}}],\"inLanguage\":\"sv-SE\"},{\"@type\":\"Organization\",\"@id\":\"https:\\\/\\\/kongernesferiepark.dk\\\/sv\\\/#organization\",\"name\":\"Kongernes Feriepark\",\"url\":\"https:\\\/\\\/kongernesferiepark.dk\\\/sv\\\/\",\"logo\":{\"@type\":\"ImageObject\",\"inLanguage\":\"sv-SE\",\"@id\":\"https:\\\/\\\/kongernesferiepark.dk\\\/sv\\\/#\\\/schema\\\/logo\\\/image\\\/\",\"url\":\"https:\\\/\\\/kongernesferiepark.dk\\\/wp-content\\\/uploads\\\/2025\\\/10\\\/logo.svg\",\"contentUrl\":\"https:\\\/\\\/kongernesferiepark.dk\\\/wp-content\\\/uploads\\\/2025\\\/10\\\/logo.svg\",\"width\":614,\"height\":206,\"caption\":\"Kongernes Feriepark\"},\"image\":{\"@id\":\"https:\\\/\\\/kongernesferiepark.dk\\\/sv\\\/#\\\/schema\\\/logo\\\/image\\\/\"}}]}<\/script>\n<!-- \/ Yoast SEO plugin. -->","yoast_head_json":{"title":"Pingst-erbjudande | Kongernes Feriepark","robots":{"index":"index","follow":"follow","max-snippet":"max-snippet:-1","max-image-preview":"max-image-preview:large","max-video-preview":"max-video-preview:-1"},"canonical":"https:\/\/kongernesferiepark.dk\/sv\/erbjudanden\/pingst-erbjudande\/","og_locale":"sv_SE","og_type":"article","og_title":"Pingst-erbjudande | Kongernes Feriepark","og_description":"Pingst-erbjudande","og_url":"https:\/\/kongernesferiepark.dk\/sv\/erbjudanden\/pingst-erbjudande\/","og_site_name":"Kongernes Feriepark","article_modified_time":"2025-12-15T09:48:21+00:00","og_image":[{"width":1372,"height":2048,"url":"https:\/\/kongernesferiepark.dk\/wp-content\/uploads\/2025\/11\/Pinsetilbud-2026-vers-scaled.jpg","type":"image\/jpeg"}],"twitter_card":"summary_large_image","schema":{"@context":"https:\/\/schema.org","@graph":[{"@type":"WebPage","@id":"https:\/\/kongernesferiepark.dk\/sv\/erbjudanden\/pingst-erbjudande\/","url":"https:\/\/kongernesferiepark.dk\/sv\/erbjudanden\/pingst-erbjudande\/","name":"Pingst-erbjudande | Kongernes Feriepark","isPartOf":{"@id":"https:\/\/kongernesferiepark.dk\/sv\/#website"},"primaryImageOfPage":{"@id":"https:\/\/kongernesferiepark.dk\/sv\/erbjudanden\/pingst-erbjudande\/#primaryimage"},"image":{"@id":"https:\/\/kongernesferiepark.dk\/sv\/erbjudanden\/pingst-erbjudande\/#primaryimage"},"thumbnailUrl":"https:\/\/kongernesferiepark.dk\/wp-content\/uploads\/2025\/11\/Pinsetilbud-2026-vers-scaled.jpg","datePublished":"2025-11-07T13:20:41+00:00","dateModified":"2025-12-15T09:48:21+00:00","breadcrumb":{"@id":"https:\/\/kongernesferiepark.dk\/sv\/erbjudanden\/pingst-erbjudande\/#breadcrumb"},"inLanguage":"sv-SE","potentialAction":[{"@type":"ReadAction","target":["https:\/\/kongernesferiepark.dk\/sv\/erbjudanden\/pingst-erbjudande\/"]}]},{"@type":"ImageObject","inLanguage":"sv-SE","@id":"https:\/\/kongernesferiepark.dk\/sv\/erbjudanden\/pingst-erbjudande\/#primaryimage","url":"https:\/\/kongernesferiepark.dk\/wp-content\/uploads\/2025\/11\/Pinsetilbud-2026-vers-scaled.jpg","contentUrl":"https:\/\/kongernesferiepark.dk\/wp-content\/uploads\/2025\/11\/Pinsetilbud-2026-vers-scaled.jpg","width":1372,"height":2048},{"@type":"BreadcrumbList","@id":"https:\/\/kongernesferiepark.dk\/sv\/erbjudanden\/pingst-erbjudande\/#breadcrumb","itemListElement":[{"@type":"ListItem","position":1,"name":"Forside","item":"https:\/\/kongernesferiepark.dk\/sv\/"},{"@type":"ListItem","position":2,"name":"Erbjudanden","item":"https:\/\/kongernesferiepark.dk\/sv\/erbjudanden\/"},{"@type":"ListItem","position":3,"name":"Pingst-erbjudande"}]},{"@type":"WebSite","@id":"https:\/\/kongernesferiepark.dk\/sv\/#website","url":"https:\/\/kongernesferiepark.dk\/sv\/","name":"Kongernes Feriepark","description":"Campingplads i natursk\u00f8nne omgivelser","publisher":{"@id":"https:\/\/kongernesferiepark.dk\/sv\/#organization"},"potentialAction":[{"@type":"SearchAction","target":{"@type":"EntryPoint","urlTemplate":"https:\/\/kongernesferiepark.dk\/sv\/?s={search_term_string}"},"query-input":{"@type":"PropertyValueSpecification","valueRequired":true,"valueName":"search_term_string"}}],"inLanguage":"sv-SE"},{"@type":"Organization","@id":"https:\/\/kongernesferiepark.dk\/sv\/#organization","name":"Kongernes Feriepark","url":"https:\/\/kongernesferiepark.dk\/sv\/","logo":{"@type":"ImageObject","inLanguage":"sv-SE","@id":"https:\/\/kongernesferiepark.dk\/sv\/#\/schema\/logo\/image\/","url":"https:\/\/kongernesferiepark.dk\/wp-content\/uploads\/2025\/10\/logo.svg","contentUrl":"https:\/\/kongernesferiepark.dk\/wp-content\/uploads\/2025\/10\/logo.svg","width":614,"height":206,"caption":"Kongernes Feriepark"},"image":{"@id":"https:\/\/kongernesferiepark.dk\/sv\/#\/schema\/logo\/image\/"}}]}},"_links":{"self":[{"href":"https:\/\/kongernesferiepark.dk\/sv\/wp-json\/wp\/v2\/pages\/13418","targetHints":{"allow":["GET"]}}],"collection":[{"href":"https:\/\/kongernesferiepark.dk\/sv\/wp-json\/wp\/v2\/pages"}],"about":[{"href":"https:\/\/kongernesferiepark.dk\/sv\/wp-json\/wp\/v2\/types\/page"}],"author":[{"embeddable":true,"href":"https:\/\/kongernesferiepark.dk\/sv\/wp-json\/wp\/v2\/users\/5"}],"replies":[{"embeddable":true,"href":"https:\/\/kongernesferiepark.dk\/sv\/wp-json\/wp\/v2\/comments?post=13418"}],"version-history":[{"count":1,"href":"https:\/\/kongernesferiepark.dk\/sv\/wp-json\/wp\/v2\/pages\/13418\/revisions"}],"predecessor-version":[{"id":13426,"href":"https:\/\/kongernesferiepark.dk\/sv\/wp-json\/wp\/v2\/pages\/13418\/revisions\/13426"}],"up":[{"embeddable":true,"href":"https:\/\/kongernesferiepark.dk\/sv\/wp-json\/wp\/v2\/pages\/13317"}],"wp:featuredmedia":[{"embeddable":true,"href":"https:\/\/kongernesferiepark.dk\/sv\/wp-json\/wp\/v2\/media\/13120"}],"wp:attachment":[{"href":"https:\/\/kongernesferiepark.dk\/sv\/wp-json\/wp\/v2\/media?parent=13418"}],"wp:term":[{"taxonomy":"category","embeddable":true,"href":"https:\/\/kongernesferiepark.dk\/sv\/wp-json\/wp\/v2\/categories?post=13418"}],"curies":[{"name":"wp","href":"https:\/\/api.w.org\/{rel}","templated":true}]}}