{"id":13197,"date":"2025-10-15T13:18:37","date_gmt":"2025-10-15T11:18:37","guid":{"rendered":"https:\/\/kongernesferiepark.dk\/om-oss\/"},"modified":"2025-12-15T10:46:57","modified_gmt":"2025-12-15T09:46:57","slug":"om-oss","status":"publish","type":"page","link":"https:\/\/kongernesferiepark.dk\/no\/om-oss\/","title":{"rendered":"Om oss"},"content":{"rendered":"\t\t<div data-elementor-type=\"wp-page\" data-elementor-id=\"13197\" class=\"elementor elementor-13197 elementor-10460\" data-elementor-post-type=\"page\">\n\t\t\t\t<div class=\"elementor-element elementor-element-3ec0d6c white e-flex e-con-boxed e-con e-parent\" data-id=\"3ec0d6c\" data-element_type=\"container\" data-settings=\"{&quot;background_background&quot;:&quot;video&quot;,&quot;background_video_link&quot;:&quot;https:\\\/\\\/gostmediaserviceprod.blob.core.windows.net\\\/asset-8924ae05-b924-4a42-90b5-4a0baa05dd52\\\/hero_1920x1080_6000k.mp4&quot;,&quot;background_play_on_mobile&quot;:&quot;yes&quot;,&quot;shape_divider_bottom&quot;:&quot;triangle&quot;,&quot;shape_divider_bottom_negative&quot;:&quot;yes&quot;}\">\n\t\t\t\t\t<div class=\"e-con-inner\">\n\t\t<div class=\"elementor-background-video-container\" aria-hidden=\"true\">\n\t\t\t\t\t\t\t<video class=\"elementor-background-video-hosted\" autoplay muted playsinline loop><\/video>\n\t\t\t\t\t<\/div>\t\t<div class=\"elementor-shape elementor-shape-bottom\" aria-hidden=\"true\" data-negative=\"true\">\n\t\t\t<svg xmlns=\"http:\/\/www.w3.org\/2000\/svg\" viewBox=\"0 0 1000 100\" preserveAspectRatio=\"none\">\n\t<path class=\"elementor-shape-fill\" d=\"M500.2,94.7L0,0v100h1000V0L500.2,94.7z\"\/>\n<\/svg>\t\t<\/div>\n\t\t<div class=\"elementor-element elementor-element-32eb71e e-con-full e-flex elementor-invisible e-con e-child\" data-id=\"32eb71e\" data-element_type=\"container\" data-settings=\"{&quot;animation&quot;:&quot;fadeInDown&quot;,&quot;animation_mobile&quot;:&quot;none&quot;}\">\n\t\t\t\t<div class=\"elementor-element elementor-element-c817e6a elementor-widget elementor-widget-image\" data-id=\"c817e6a\" data-element_type=\"widget\" data-widget_type=\"image.default\">\n\t\t\t\t<div class=\"elementor-widget-container\">\n\t\t\t\t\t\t\t\t\t\t\t\t\t\t\t<img decoding=\"async\" width=\"80\" height=\"80\" src=\"https:\/\/kongernesferiepark.dk\/wp-content\/uploads\/2025\/10\/krone.svg\" class=\"attachment-full size-full wp-image-12299\" alt=\"\" \/>\t\t\t\t\t\t\t\t\t\t\t\t\t\t\t<\/div>\n\t\t\t\t<\/div>\n\t\t\t\t<div class=\"elementor-element elementor-element-2fb7392 elementor-widget elementor-widget-heading\" data-id=\"2fb7392\" data-element_type=\"widget\" data-widget_type=\"heading.default\">\n\t\t\t\t<div class=\"elementor-widget-container\">\n\t\t\t\t\t<h1 class=\"elementor-heading-title elementor-size-default\">Om Kings Holiday Park<\/h1>\t\t\t\t<\/div>\n\t\t\t\t<\/div>\n\t\t\t\t<\/div>\n\t\t\t\t\t<\/div>\n\t\t\t\t<\/div>\n\t\t<div class=\"elementor-element elementor-element-afe9122 e-flex e-con-boxed e-con e-parent\" data-id=\"afe9122\" data-element_type=\"container\">\n\t\t\t\t\t<div class=\"e-con-inner\">\n\t\t<div class=\"elementor-element elementor-element-67d8f5d e-con-full e-flex e-con e-child\" data-id=\"67d8f5d\" data-element_type=\"container\">\n\t\t<div class=\"elementor-element elementor-element-10a68db e-con-full e-flex e-con e-child\" data-id=\"10a68db\" data-element_type=\"container\">\n\t\t\t\t<div class=\"elementor-element elementor-element-c836897 elementor-widget elementor-widget-text-editor\" data-id=\"c836897\" data-element_type=\"widget\" data-widget_type=\"text-editor.default\">\n\t\t\t\t<div class=\"elementor-widget-container\">\n\t\t\t\t\t\t\t\t\t<h2>Campingplass i naturskj\u00f8nne omgivelser<\/h2><p>Kongernes Feriepark ligger midt i Kongernes Nordsj\u00e6lland, n\u00e6r b\u00e5de skog og strand. Den ligger ved Smidstrup Strand, og det er 2 km til stranden og ca. 7 km til Gilleleje. Plassen drives for tiden av Kim Lundsh\u00f8j, som overtok stedet i 2018.  <\/p><p>De fleste bygningene brant ned i juni 2004 og ble deretter gjenoppbygd med moderne byggematerialer og ment for bruk som campingplass.<\/p><p>I l\u00f8pet av de siste 20 \u00e5rene er det ogs\u00e5 bygget et stort antall hytter og et stort, flott bassengomr\u00e5de samt diverse aktivitetsomr\u00e5der.<\/p><p>Plassen har 4 stjerner med alle moderne fasiliteter, inkludert et minimarked og en restaurant, og er \u00e5pen hele \u00e5ret.<\/p>\t\t\t\t\t\t\t\t<\/div>\n\t\t\t\t<\/div>\n\t\t\t\t<div class=\"elementor-element elementor-element-d5a7901 cta elementor-widget elementor-widget-button\" data-id=\"d5a7901\" data-element_type=\"widget\" data-widget_type=\"button.default\">\n\t\t\t\t<div class=\"elementor-widget-container\">\n\t\t\t\t\t\t\t\t\t<div class=\"elementor-button-wrapper\">\n\t\t\t\t\t<a class=\"elementor-button elementor-button-link elementor-size-sm\" href=\"https:\/\/kongernesferiepark.dk\/no\/kontakt-oss\/\">\n\t\t\t\t\t\t<span class=\"elementor-button-content-wrapper\">\n\t\t\t\t\t\t\t\t\t<span class=\"elementor-button-text\">Kontakt oss i dag<\/span>\n\t\t\t\t\t<\/span>\n\t\t\t\t\t<\/a>\n\t\t\t\t<\/div>\n\t\t\t\t\t\t\t\t<\/div>\n\t\t\t\t<\/div>\n\t\t\t\t<\/div>\n\t\t<div class=\"elementor-element elementor-element-f258b1d e-con-full e-flex elementor-invisible e-con e-child\" data-id=\"f258b1d\" data-element_type=\"container\" data-settings=\"{&quot;background_background&quot;:&quot;classic&quot;,&quot;animation&quot;:&quot;fadeInRight&quot;,&quot;animation_mobile&quot;:&quot;none&quot;}\">\n\t\t\t\t<\/div>\n\t\t\t\t<\/div>\n\t\t\t\t\t<\/div>\n\t\t\t\t<\/div>\n\t\t<div class=\"elementor-element elementor-element-6b3ad21 accent e-flex e-con-boxed e-con e-parent\" data-id=\"6b3ad21\" data-element_type=\"container\">\n\t\t\t\t\t<div class=\"e-con-inner\">\n\t\t<div class=\"elementor-element elementor-element-7d69a70 e-con-full e-flex e-con e-child\" data-id=\"7d69a70\" data-element_type=\"container\">\n\t\t<div class=\"elementor-element elementor-element-4feb1ab e-con-full e-flex elementor-invisible e-con e-child\" data-id=\"4feb1ab\" data-element_type=\"container\" data-settings=\"{&quot;background_background&quot;:&quot;classic&quot;,&quot;animation&quot;:&quot;fadeInLeft&quot;,&quot;animation_mobile&quot;:&quot;none&quot;}\">\n\t\t\t\t<\/div>\n\t\t<div class=\"elementor-element elementor-element-f63eab8 e-con-full e-flex e-con e-child\" data-id=\"f63eab8\" data-element_type=\"container\">\n\t\t\t\t<div class=\"elementor-element elementor-element-0909079 elementor-widget elementor-widget-text-editor\" data-id=\"0909079\" data-element_type=\"widget\" data-widget_type=\"text-editor.default\">\n\t\t\t\t<div class=\"elementor-widget-container\">\n\t\t\t\t\t\t\t\t\t<h2>Vi fokuserer p\u00e5 opplevelsen<\/h2><p>Selskapets livsnerve er tjenesten eller opplevelsen som kundene tilbys p\u00e5 Kongernes Feriepark. Vi er derfor sv\u00e6rt bevisste p\u00e5 tjenesten\/produktet\/opplevelsen og alltid sett fra kundens perspektiv. V\u00e5re gjester skal bokstavelig talt f\u00f8le seg som konger og dronninger n\u00e5r de er p\u00e5 ferie p\u00e5 Kongernes Feriepark.  <\/p><h2>Hvorfor \u00abKings Holiday Park\u00bb<\/h2><p>Vi \u00f8nsker \u00e5 skape en historie om Kongenes Nordsj\u00e6lland. Dette er historien som Visit North Zealand allerede har initiert sammen med den danske rivieraen. <\/p><p><strong>Denne historien er det overordnede temaet. Eksempler p\u00e5 dette er: <\/strong><\/p><ul><li>Innfartsveien heter Kongevejen<\/li><li>Rommene er oppkalt etter dronningene v\u00e5re.<\/li><li>Hyttene er oppkalt etter prinsesser osv.<\/li><\/ul>\t\t\t\t\t\t\t\t<\/div>\n\t\t\t\t<\/div>\n\t\t\t\t<\/div>\n\t\t\t\t<\/div>\n\t\t\t\t\t<\/div>\n\t\t\t\t<\/div>\n\t\t<div class=\"elementor-element elementor-element-a15b318 e-flex e-con-boxed e-con e-parent\" data-id=\"a15b318\" data-element_type=\"container\">\n\t\t\t\t\t<div class=\"e-con-inner\">\n\t\t<div class=\"elementor-element elementor-element-1a06b8d e-con-full e-flex e-con e-child\" data-id=\"1a06b8d\" data-element_type=\"container\">\n\t\t<div class=\"elementor-element elementor-element-1edbb94 e-con-full e-flex e-con e-child\" data-id=\"1edbb94\" data-element_type=\"container\">\n\t\t\t\t<div class=\"elementor-element elementor-element-97af612 elementor-widget elementor-widget-text-editor\" data-id=\"97af612\" data-element_type=\"widget\" data-widget_type=\"text-editor.default\">\n\t\t\t\t<div class=\"elementor-widget-container\">\n\t\t\t\t\t\t\t\t\t<h2>Misjon, visjon og verdier for Kongernes Feriepark \u2013 Smidstrup Strand<\/h2><h3>Oppdrag:<\/h3><ul><li>\u00c5 tilby gjestene en aktiv ferie skreddersydd til deres individuelle behov<\/li><li>\u00c5 tilby gjestene muligheten til \u00e5 delta i alle aktivitetene som stedet og det fysiske milj\u00f8et har plass til<\/li><li>\u00c5 tilby gjestene en flott opplevelse utenom det vanlige<\/li><\/ul><h3>Syn:<\/h3><p>Aktiv ferie for alle med kunden i sentrum \u2013 \u00abGjesten er konge\u00bb<\/p><p><strong>Gode \u200b\u200bverdier skaper forn\u00f8yde kunder og ansatte:<\/strong><\/p><ul><li>Kundefokus \u2013 gjesten er konge<\/li><li>Troverdighet \u2013 vi er et seri\u00f8st selskap<\/li><li>Lojalitet \u2013 vi er lojale mot v\u00e5re kunder og ansatte<\/li><li>Godt kj\u00f8tth\u00e5ndverk \u2013 vi skaper inntekter gjennom utvikling<\/li><\/ul>\t\t\t\t\t\t\t\t<\/div>\n\t\t\t\t<\/div>\n\t\t\t\t<div class=\"elementor-element elementor-element-1e989d8 cta elementor-widget elementor-widget-button\" data-id=\"1e989d8\" data-element_type=\"widget\" data-widget_type=\"button.default\">\n\t\t\t\t<div class=\"elementor-widget-container\">\n\t\t\t\t\t\t\t\t\t<div class=\"elementor-button-wrapper\">\n\t\t\t\t\t<a class=\"elementor-button elementor-button-link elementor-size-sm\" href=\"https:\/\/kongernesferiepark.dk\/no\/kontakt-oss\/\">\n\t\t\t\t\t\t<span class=\"elementor-button-content-wrapper\">\n\t\t\t\t\t\t\t\t\t<span class=\"elementor-button-text\">Kontakt oss i dag<\/span>\n\t\t\t\t\t<\/span>\n\t\t\t\t\t<\/a>\n\t\t\t\t<\/div>\n\t\t\t\t\t\t\t\t<\/div>\n\t\t\t\t<\/div>\n\t\t\t\t<\/div>\n\t\t<div class=\"elementor-element elementor-element-c1b4563 e-con-full e-flex elementor-invisible e-con e-child\" data-id=\"c1b4563\" data-element_type=\"container\" data-settings=\"{&quot;background_background&quot;:&quot;classic&quot;,&quot;animation&quot;:&quot;fadeInRight&quot;,&quot;animation_mobile&quot;:&quot;none&quot;}\">\n\t\t\t\t<\/div>\n\t\t\t\t<\/div>\n\t\t\t\t\t<\/div>\n\t\t\t\t<\/div>\n\t\t<div class=\"elementor-element elementor-element-744e3a6 e-con-full e-flex e-con e-parent\" data-id=\"744e3a6\" data-element_type=\"container\">\n\t\t\t\t<div class=\"elementor-element elementor-element-b58bd5f elementor-widget elementor-widget-template\" data-id=\"b58bd5f\" data-element_type=\"widget\" data-widget_type=\"template.default\">\n\t\t\t\t<div class=\"elementor-widget-container\">\n\t\t\t\t\t\t\t<div class=\"elementor-template\">\n\t\t\t\t\t<div data-elementor-type=\"container\" data-elementor-id=\"13505\" class=\"elementor elementor-13505 elementor-10411\" data-elementor-post-type=\"elementor_library\">\n\t\t\t\t<div class=\"elementor-element elementor-element-b01ab3c white e-con-full e-flex e-con e-parent\" data-id=\"b01ab3c\" data-element_type=\"container\" data-settings=\"{&quot;background_background&quot;:&quot;classic&quot;,&quot;background_motion_fx_motion_fx_scrolling&quot;:&quot;yes&quot;,&quot;background_motion_fx_translateY_effect&quot;:&quot;yes&quot;,&quot;background_motion_fx_translateY_speed&quot;:{&quot;unit&quot;:&quot;px&quot;,&quot;size&quot;:5,&quot;sizes&quot;:[]},&quot;background_motion_fx_translateY_affectedRange&quot;:{&quot;unit&quot;:&quot;%&quot;,&quot;size&quot;:&quot;&quot;,&quot;sizes&quot;:{&quot;start&quot;:0,&quot;end&quot;:100}},&quot;background_motion_fx_devices&quot;:[&quot;desktop&quot;,&quot;laptop&quot;,&quot;tablet&quot;,&quot;mobile&quot;]}\">\n\t\t<div class=\"elementor-element elementor-element-40b4ae8f e-con-full e-flex e-con e-child\" data-id=\"40b4ae8f\" data-element_type=\"container\">\n\t\t\t\t<div class=\"elementor-element elementor-element-100a64e elementor-widget elementor-widget-image\" data-id=\"100a64e\" data-element_type=\"widget\" data-widget_type=\"image.default\">\n\t\t\t\t<div class=\"elementor-widget-container\">\n\t\t\t\t\t\t\t\t\t\t\t\t\t\t\t<img decoding=\"async\" width=\"123\" height=\"206\" src=\"https:\/\/kongernesferiepark.dk\/wp-content\/uploads\/2025\/10\/logo-icon.svg\" class=\"attachment-full size-full wp-image-11550\" alt=\"\" \/>\t\t\t\t\t\t\t\t\t\t\t\t\t\t\t<\/div>\n\t\t\t\t<\/div>\n\t\t\t\t<div class=\"elementor-element elementor-element-4a35733e elementor-widget elementor-widget-text-editor\" data-id=\"4a35733e\" data-element_type=\"widget\" data-widget_type=\"text-editor.default\">\n\t\t\t\t<div class=\"elementor-widget-container\">\n\t\t\t\t\t\t\t\t\t<h2>Bestill ferien eller arrangementet ditt hos oss<\/h2><p>\u00d8nsker du en ferie fylt med kos og flotte opplevelser \u2013 eller leter du etter et sted \u00e5 samle familie, venner eller kolleger? Da er Kongernes Feriepark det opplagte valget. Vi gleder oss til \u00e5 \u00f8nske deg velkommen og legge rammene for alt fra en rolig helg til et morsomt firmaarrangement.  <\/p><p>Kontakt oss i dag for \u00e5 bestille eller finne ut mer. Du kan ringe oss p\u00e5<a href=\"tel:48318448\" aria-label=\"Telefon nummer\">48 31 84 48<\/a> eller skriv til oss p\u00e5   <a href=\"mailto:info@kongernesferiepark.dk\" aria-label=\"Email adresse\">info@kongernesferiepark.dk<\/a><\/p><p>Vi sees p\u00e5 campingplassen \u2013 Vertskapet deres, familien Lundsh\u00f8j.<\/p>\t\t\t\t\t\t\t\t<\/div>\n\t\t\t\t<\/div>\n\t\t\t\t<\/div>\n\t\t\t\t<\/div>\n\t\t\t\t<\/div>\n\t\t\t\t<\/div>\n\t\t\t\t\t\t<\/div>\n\t\t\t\t<\/div>\n\t\t\t\t<\/div>\n\t\t\t\t<\/div>\n\t\t","protected":false},"excerpt":{"rendered":"<p>Om Kings Holiday Park Campingplass i naturskj\u00f8nne omgivelser Kongernes Feriepark ligger midt i Kongernes Nordsj\u00e6lland, n\u00e6r b\u00e5de skog og strand. Den ligger ved Smidstrup Strand, og det er 2 km til stranden og ca. 7 km til Gilleleje. Plassen drives for tiden av Kim Lundsh\u00f8j, som overtok stedet i 2018. De fleste bygningene brant ned &#8230; <a title=\"Om oss\" class=\"read-more\" href=\"https:\/\/kongernesferiepark.dk\/no\/om-oss\/\" aria-label=\"Read more about Om oss\">Les mer<\/a><\/p>\n","protected":false},"author":1,"featured_media":0,"parent":0,"menu_order":0,"comment_status":"closed","ping_status":"closed","template":"","meta":{"_acf_changed":false,"footnotes":""},"categories":[],"class_list":["post-13197","page","type-page","status-publish"],"acf":[],"yoast_head":"<!-- This site is optimized with the Yoast SEO plugin v27.3 - https:\/\/yoast.com\/product\/yoast-seo-wordpress\/ -->\n<title>Om oss | Kongernes Feriepark<\/title>\n<meta name=\"description\" content=\"Om oss | Kongernes Feriepark\" \/>\n<meta name=\"robots\" content=\"index, follow, max-snippet:-1, max-image-preview:large, max-video-preview:-1\" \/>\n<link rel=\"canonical\" href=\"https:\/\/kongernesferiepark.dk\/no\/om-oss\/\" \/>\n<meta property=\"og:locale\" content=\"nb_NO\" \/>\n<meta property=\"og:type\" content=\"article\" \/>\n<meta property=\"og:title\" content=\"Om oss | Kongernes Feriepark\" \/>\n<meta property=\"og:description\" content=\"Om oss | Kongernes Feriepark\" \/>\n<meta property=\"og:url\" content=\"https:\/\/kongernesferiepark.dk\/no\/om-oss\/\" \/>\n<meta property=\"og:site_name\" content=\"Kongernes Feriepark\" \/>\n<meta property=\"article:modified_time\" content=\"2025-12-15T09:46:57+00:00\" \/>\n<meta name=\"twitter:card\" content=\"summary_large_image\" \/>\n<meta name=\"twitter:label1\" content=\"Ansl. lesetid\" \/>\n\t<meta name=\"twitter:data1\" content=\"2 minutter\" \/>\n<script type=\"application\/ld+json\" class=\"yoast-schema-graph\">{\"@context\":\"https:\\\/\\\/schema.org\",\"@graph\":[{\"@type\":\"WebPage\",\"@id\":\"https:\\\/\\\/kongernesferiepark.dk\\\/no\\\/om-oss\\\/\",\"url\":\"https:\\\/\\\/kongernesferiepark.dk\\\/no\\\/om-oss\\\/\",\"name\":\"Om oss | Kongernes Feriepark\",\"isPartOf\":{\"@id\":\"https:\\\/\\\/kongernesferiepark.dk\\\/no\\\/#website\"},\"primaryImageOfPage\":{\"@id\":\"https:\\\/\\\/kongernesferiepark.dk\\\/no\\\/om-oss\\\/#primaryimage\"},\"image\":{\"@id\":\"https:\\\/\\\/kongernesferiepark.dk\\\/no\\\/om-oss\\\/#primaryimage\"},\"thumbnailUrl\":\"https:\\\/\\\/kongernesferiepark.dk\\\/wp-content\\\/uploads\\\/2025\\\/10\\\/krone.svg\",\"datePublished\":\"2025-10-15T11:18:37+00:00\",\"dateModified\":\"2025-12-15T09:46:57+00:00\",\"description\":\"Om oss | Kongernes Feriepark\",\"breadcrumb\":{\"@id\":\"https:\\\/\\\/kongernesferiepark.dk\\\/no\\\/om-oss\\\/#breadcrumb\"},\"inLanguage\":\"nb-NO\",\"potentialAction\":[{\"@type\":\"ReadAction\",\"target\":[\"https:\\\/\\\/kongernesferiepark.dk\\\/no\\\/om-oss\\\/\"]}]},{\"@type\":\"ImageObject\",\"inLanguage\":\"nb-NO\",\"@id\":\"https:\\\/\\\/kongernesferiepark.dk\\\/no\\\/om-oss\\\/#primaryimage\",\"url\":\"https:\\\/\\\/kongernesferiepark.dk\\\/wp-content\\\/uploads\\\/2025\\\/10\\\/krone.svg\",\"contentUrl\":\"https:\\\/\\\/kongernesferiepark.dk\\\/wp-content\\\/uploads\\\/2025\\\/10\\\/krone.svg\"},{\"@type\":\"BreadcrumbList\",\"@id\":\"https:\\\/\\\/kongernesferiepark.dk\\\/no\\\/om-oss\\\/#breadcrumb\",\"itemListElement\":[{\"@type\":\"ListItem\",\"position\":1,\"name\":\"Forside\",\"item\":\"https:\\\/\\\/kongernesferiepark.dk\\\/no\\\/\"},{\"@type\":\"ListItem\",\"position\":2,\"name\":\"Om oss\"}]},{\"@type\":\"WebSite\",\"@id\":\"https:\\\/\\\/kongernesferiepark.dk\\\/no\\\/#website\",\"url\":\"https:\\\/\\\/kongernesferiepark.dk\\\/no\\\/\",\"name\":\"Kongernes Feriepark\",\"description\":\"Campingplads i natursk\u00f8nne omgivelser\",\"publisher\":{\"@id\":\"https:\\\/\\\/kongernesferiepark.dk\\\/no\\\/#organization\"},\"potentialAction\":[{\"@type\":\"SearchAction\",\"target\":{\"@type\":\"EntryPoint\",\"urlTemplate\":\"https:\\\/\\\/kongernesferiepark.dk\\\/no\\\/?s={search_term_string}\"},\"query-input\":{\"@type\":\"PropertyValueSpecification\",\"valueRequired\":true,\"valueName\":\"search_term_string\"}}],\"inLanguage\":\"nb-NO\"},{\"@type\":\"Organization\",\"@id\":\"https:\\\/\\\/kongernesferiepark.dk\\\/no\\\/#organization\",\"name\":\"Kongernes Feriepark\",\"url\":\"https:\\\/\\\/kongernesferiepark.dk\\\/no\\\/\",\"logo\":{\"@type\":\"ImageObject\",\"inLanguage\":\"nb-NO\",\"@id\":\"https:\\\/\\\/kongernesferiepark.dk\\\/no\\\/#\\\/schema\\\/logo\\\/image\\\/\",\"url\":\"https:\\\/\\\/kongernesferiepark.dk\\\/wp-content\\\/uploads\\\/2025\\\/10\\\/logo.svg\",\"contentUrl\":\"https:\\\/\\\/kongernesferiepark.dk\\\/wp-content\\\/uploads\\\/2025\\\/10\\\/logo.svg\",\"width\":614,\"height\":206,\"caption\":\"Kongernes Feriepark\"},\"image\":{\"@id\":\"https:\\\/\\\/kongernesferiepark.dk\\\/no\\\/#\\\/schema\\\/logo\\\/image\\\/\"}}]}<\/script>\n<!-- \/ Yoast SEO plugin. -->","yoast_head_json":{"title":"Om oss | Kongernes Feriepark","description":"Om oss | Kongernes Feriepark","robots":{"index":"index","follow":"follow","max-snippet":"max-snippet:-1","max-image-preview":"max-image-preview:large","max-video-preview":"max-video-preview:-1"},"canonical":"https:\/\/kongernesferiepark.dk\/no\/om-oss\/","og_locale":"nb_NO","og_type":"article","og_title":"Om oss | Kongernes Feriepark","og_description":"Om oss | Kongernes Feriepark","og_url":"https:\/\/kongernesferiepark.dk\/no\/om-oss\/","og_site_name":"Kongernes Feriepark","article_modified_time":"2025-12-15T09:46:57+00:00","twitter_card":"summary_large_image","twitter_misc":{"Ansl. lesetid":"2 minutter"},"schema":{"@context":"https:\/\/schema.org","@graph":[{"@type":"WebPage","@id":"https:\/\/kongernesferiepark.dk\/no\/om-oss\/","url":"https:\/\/kongernesferiepark.dk\/no\/om-oss\/","name":"Om oss | Kongernes Feriepark","isPartOf":{"@id":"https:\/\/kongernesferiepark.dk\/no\/#website"},"primaryImageOfPage":{"@id":"https:\/\/kongernesferiepark.dk\/no\/om-oss\/#primaryimage"},"image":{"@id":"https:\/\/kongernesferiepark.dk\/no\/om-oss\/#primaryimage"},"thumbnailUrl":"https:\/\/kongernesferiepark.dk\/wp-content\/uploads\/2025\/10\/krone.svg","datePublished":"2025-10-15T11:18:37+00:00","dateModified":"2025-12-15T09:46:57+00:00","description":"Om oss | Kongernes Feriepark","breadcrumb":{"@id":"https:\/\/kongernesferiepark.dk\/no\/om-oss\/#breadcrumb"},"inLanguage":"nb-NO","potentialAction":[{"@type":"ReadAction","target":["https:\/\/kongernesferiepark.dk\/no\/om-oss\/"]}]},{"@type":"ImageObject","inLanguage":"nb-NO","@id":"https:\/\/kongernesferiepark.dk\/no\/om-oss\/#primaryimage","url":"https:\/\/kongernesferiepark.dk\/wp-content\/uploads\/2025\/10\/krone.svg","contentUrl":"https:\/\/kongernesferiepark.dk\/wp-content\/uploads\/2025\/10\/krone.svg"},{"@type":"BreadcrumbList","@id":"https:\/\/kongernesferiepark.dk\/no\/om-oss\/#breadcrumb","itemListElement":[{"@type":"ListItem","position":1,"name":"Forside","item":"https:\/\/kongernesferiepark.dk\/no\/"},{"@type":"ListItem","position":2,"name":"Om oss"}]},{"@type":"WebSite","@id":"https:\/\/kongernesferiepark.dk\/no\/#website","url":"https:\/\/kongernesferiepark.dk\/no\/","name":"Kongernes Feriepark","description":"Campingplads i natursk\u00f8nne omgivelser","publisher":{"@id":"https:\/\/kongernesferiepark.dk\/no\/#organization"},"potentialAction":[{"@type":"SearchAction","target":{"@type":"EntryPoint","urlTemplate":"https:\/\/kongernesferiepark.dk\/no\/?s={search_term_string}"},"query-input":{"@type":"PropertyValueSpecification","valueRequired":true,"valueName":"search_term_string"}}],"inLanguage":"nb-NO"},{"@type":"Organization","@id":"https:\/\/kongernesferiepark.dk\/no\/#organization","name":"Kongernes Feriepark","url":"https:\/\/kongernesferiepark.dk\/no\/","logo":{"@type":"ImageObject","inLanguage":"nb-NO","@id":"https:\/\/kongernesferiepark.dk\/no\/#\/schema\/logo\/image\/","url":"https:\/\/kongernesferiepark.dk\/wp-content\/uploads\/2025\/10\/logo.svg","contentUrl":"https:\/\/kongernesferiepark.dk\/wp-content\/uploads\/2025\/10\/logo.svg","width":614,"height":206,"caption":"Kongernes Feriepark"},"image":{"@id":"https:\/\/kongernesferiepark.dk\/no\/#\/schema\/logo\/image\/"}}]}},"_links":{"self":[{"href":"https:\/\/kongernesferiepark.dk\/no\/wp-json\/wp\/v2\/pages\/13197","targetHints":{"allow":["GET"]}}],"collection":[{"href":"https:\/\/kongernesferiepark.dk\/no\/wp-json\/wp\/v2\/pages"}],"about":[{"href":"https:\/\/kongernesferiepark.dk\/no\/wp-json\/wp\/v2\/types\/page"}],"author":[{"embeddable":true,"href":"https:\/\/kongernesferiepark.dk\/no\/wp-json\/wp\/v2\/users\/1"}],"replies":[{"embeddable":true,"href":"https:\/\/kongernesferiepark.dk\/no\/wp-json\/wp\/v2\/comments?post=13197"}],"version-history":[{"count":1,"href":"https:\/\/kongernesferiepark.dk\/no\/wp-json\/wp\/v2\/pages\/13197\/revisions"}],"predecessor-version":[{"id":13200,"href":"https:\/\/kongernesferiepark.dk\/no\/wp-json\/wp\/v2\/pages\/13197\/revisions\/13200"}],"wp:attachment":[{"href":"https:\/\/kongernesferiepark.dk\/no\/wp-json\/wp\/v2\/media?parent=13197"}],"wp:term":[{"taxonomy":"category","embeddable":true,"href":"https:\/\/kongernesferiepark.dk\/no\/wp-json\/wp\/v2\/categories?post=13197"}],"curies":[{"name":"wp","href":"https:\/\/api.w.org\/{rel}","templated":true}]}}