{"id":13303,"date":"2025-10-15T13:19:32","date_gmt":"2025-10-15T11:19:32","guid":{"rendered":"https:\/\/kongernesferiepark.dk\/hebergement\/appartements\/"},"modified":"2025-12-15T10:47:37","modified_gmt":"2025-12-15T09:47:37","slug":"appartements","status":"publish","type":"page","link":"https:\/\/kongernesferiepark.dk\/fr\/hebergement\/appartements\/","title":{"rendered":"Appartements"},"content":{"rendered":"\t\t<div data-elementor-type=\"wp-page\" data-elementor-id=\"13303\" class=\"elementor elementor-13303 elementor-10472\" data-elementor-post-type=\"page\">\n\t\t\t\t<div class=\"elementor-element elementor-element-3ec0d6c white e-flex e-con-boxed e-con e-parent\" data-id=\"3ec0d6c\" data-element_type=\"container\" data-settings=\"{&quot;background_background&quot;:&quot;video&quot;,&quot;background_video_link&quot;:&quot;https:\\\/\\\/gostmediaserviceprod.blob.core.windows.net\\\/asset-8924ae05-b924-4a42-90b5-4a0baa05dd52\\\/hero_1920x1080_6000k.mp4&quot;,&quot;background_play_on_mobile&quot;:&quot;yes&quot;,&quot;shape_divider_bottom&quot;:&quot;triangle&quot;,&quot;shape_divider_bottom_negative&quot;:&quot;yes&quot;}\">\n\t\t\t\t\t<div class=\"e-con-inner\">\n\t\t<div class=\"elementor-background-video-container\" aria-hidden=\"true\">\n\t\t\t\t\t\t\t<video class=\"elementor-background-video-hosted\" autoplay muted playsinline loop><\/video>\n\t\t\t\t\t<\/div>\t\t<div class=\"elementor-shape elementor-shape-bottom\" aria-hidden=\"true\" data-negative=\"true\">\n\t\t\t<svg xmlns=\"http:\/\/www.w3.org\/2000\/svg\" viewBox=\"0 0 1000 100\" preserveAspectRatio=\"none\">\n\t<path class=\"elementor-shape-fill\" d=\"M500.2,94.7L0,0v100h1000V0L500.2,94.7z\"\/>\n<\/svg>\t\t<\/div>\n\t\t<div class=\"elementor-element elementor-element-32eb71e e-con-full e-flex elementor-invisible e-con e-child\" data-id=\"32eb71e\" data-element_type=\"container\" data-settings=\"{&quot;animation&quot;:&quot;fadeInDown&quot;,&quot;animation_mobile&quot;:&quot;none&quot;}\">\n\t\t\t\t<div class=\"elementor-element elementor-element-c817e6a elementor-widget elementor-widget-image\" data-id=\"c817e6a\" data-element_type=\"widget\" data-widget_type=\"image.default\">\n\t\t\t\t<div class=\"elementor-widget-container\">\n\t\t\t\t\t\t\t\t\t\t\t\t\t\t\t<img decoding=\"async\" width=\"80\" height=\"80\" src=\"https:\/\/kongernesferiepark.dk\/wp-content\/uploads\/2025\/10\/krone.svg\" class=\"attachment-full size-full wp-image-12297\" alt=\"\" \/>\t\t\t\t\t\t\t\t\t\t\t\t\t\t\t<\/div>\n\t\t\t\t<\/div>\n\t\t\t\t<div class=\"elementor-element elementor-element-2fb7392 elementor-widget elementor-widget-heading\" data-id=\"2fb7392\" data-element_type=\"widget\" data-widget_type=\"heading.default\">\n\t\t\t\t<div class=\"elementor-widget-container\">\n\t\t\t\t\t<h1 class=\"elementor-heading-title elementor-size-default\">Appartements avec piscine<\/h1>\t\t\t\t<\/div>\n\t\t\t\t<\/div>\n\t\t\t\t<\/div>\n\t\t\t\t\t<\/div>\n\t\t\t\t<\/div>\n\t\t<div class=\"elementor-element elementor-element-afe9122 e-flex e-con-boxed e-con e-parent\" data-id=\"afe9122\" data-element_type=\"container\">\n\t\t\t\t\t<div class=\"e-con-inner\">\n\t\t<div class=\"elementor-element elementor-element-67d8f5d e-con-full e-flex e-con e-child\" data-id=\"67d8f5d\" data-element_type=\"container\">\n\t\t<div class=\"elementor-element elementor-element-10a68db e-con-full e-flex e-con e-child\" data-id=\"10a68db\" data-element_type=\"container\">\n\t\t\t\t<div class=\"elementor-element elementor-element-c836897 elementor-widget elementor-widget-text-editor\" data-id=\"c836897\" data-element_type=\"widget\" data-widget_type=\"text-editor.default\">\n\t\t\t\t<div class=\"elementor-widget-container\">\n\t\t\t\t\t\t\t\t\t<h2>Nos appartements sont destin\u00e9s \u00e0 ceux qui veulent tout.<\/h2><p>\u00c0 proximit\u00e9 des activit\u00e9s, grande piscine et restaurant.<\/p><p>Les appartements sont situ\u00e9s juste \u00e0 c\u00f4t\u00e9 de la grande et belle piscine \u2013 ils sont \u00e9quip\u00e9s de toutes les commodit\u00e9s et offrent un v\u00e9ritable chez-soi loin de chez soi.<\/p><h3>Appartement avec 2 chambres pour 4 personnes maximum : <\/h3><p>Nos appartements situ\u00e9s pr\u00e8s de la piscine sont con\u00e7us pour 4 personnes et comprennent 2 chambres avec lits (environ 140 x 200 cm), salle de bains et toilettes privatives, et une cuisine s\u00e9par\u00e9e pour une cuisine l\u00e9g\u00e8re avec un coin repas.<\/p><p>L&rsquo;appartement contient des couettes et des oreillers, mais les draps et les serviettes doivent \u00eatre apport\u00e9s.<\/p><p>Chaque appartement dispose d&rsquo;une terrasse cl\u00f4tur\u00e9e donnant sur la piscine, avec table et chaises de jardin. Ces appartements sont parfaits pour les familles en vacances \u00e0 la plage. <\/p>\t\t\t\t\t\t\t\t<\/div>\n\t\t\t\t<\/div>\n\t\t\t\t<div class=\"elementor-element elementor-element-d90c15f elementor-widget elementor-widget-button\" data-id=\"d90c15f\" data-element_type=\"widget\" data-widget_type=\"button.default\">\n\t\t\t\t<div class=\"elementor-widget-container\">\n\t\t\t\t\t\t\t\t\t<div class=\"elementor-button-wrapper\">\n\t\t\t\t\t<a class=\"elementor-button elementor-button-link elementor-size-sm\" href=\"https:\/\/kongernesferiepark.dk\/fr\/prix\/\">\n\t\t\t\t\t\t<span class=\"elementor-button-content-wrapper\">\n\t\t\t\t\t\t\t\t\t<span class=\"elementor-button-text\">Voir le prix de l'appartement<\/span>\n\t\t\t\t\t<\/span>\n\t\t\t\t\t<\/a>\n\t\t\t\t<\/div>\n\t\t\t\t\t\t\t\t<\/div>\n\t\t\t\t<\/div>\n\t\t\t\t<\/div>\n\t\t<div class=\"elementor-element elementor-element-f258b1d e-con-full e-flex elementor-invisible e-con e-child\" data-id=\"f258b1d\" data-element_type=\"container\" data-settings=\"{&quot;background_background&quot;:&quot;classic&quot;,&quot;animation&quot;:&quot;fadeInRight&quot;,&quot;animation_mobile&quot;:&quot;none&quot;}\">\n\t\t\t\t<\/div>\n\t\t\t\t<\/div>\n\t\t\t\t\t<\/div>\n\t\t\t\t<\/div>\n\t\t<div class=\"elementor-element elementor-element-d883905 light e-flex e-con-boxed e-con e-parent\" data-id=\"d883905\" data-element_type=\"container\">\n\t\t\t\t\t<div class=\"e-con-inner\">\n\t\t\t\t<div class=\"elementor-element elementor-element-35fd389 elementor-widget elementor-widget-gallery\" data-id=\"35fd389\" data-element_type=\"widget\" data-settings=\"{&quot;columns&quot;:5,&quot;aspect_ratio&quot;:&quot;1:1&quot;,&quot;columns_tablet&quot;:3,&quot;columns_mobile&quot;:2,&quot;lazyload&quot;:&quot;yes&quot;,&quot;gallery_layout&quot;:&quot;grid&quot;,&quot;gap&quot;:{&quot;unit&quot;:&quot;px&quot;,&quot;size&quot;:10,&quot;sizes&quot;:[]},&quot;gap_laptop&quot;:{&quot;unit&quot;:&quot;px&quot;,&quot;size&quot;:10,&quot;sizes&quot;:[]},&quot;gap_tablet&quot;:{&quot;unit&quot;:&quot;px&quot;,&quot;size&quot;:10,&quot;sizes&quot;:[]},&quot;gap_mobile&quot;:{&quot;unit&quot;:&quot;px&quot;,&quot;size&quot;:10,&quot;sizes&quot;:[]},&quot;link_to&quot;:&quot;file&quot;,&quot;overlay_background&quot;:&quot;yes&quot;,&quot;content_hover_animation&quot;:&quot;fade-in&quot;}\" data-widget_type=\"gallery.default\">\n\t\t\t\t<div class=\"elementor-widget-container\">\n\t\t\t\t\t\t\t<div class=\"elementor-gallery__container\">\n\t\t\t\t\t\t\t<a class=\"e-gallery-item elementor-gallery-item elementor-animated-content\" href=\"https:\/\/kongernesferiepark.dk\/wp-content\/uploads\/2025\/10\/L-300-1.jpg\" data-elementor-open-lightbox=\"yes\" data-elementor-lightbox-slideshow=\"35fd389\" data-e-action-hash=\"#elementor-action%3Aaction%3Dlightbox%26settings%3DeyJpZCI6MTI2NjgsInVybCI6Imh0dHBzOlwvXC9rb25nZXJuZXNmZXJpZXBhcmsuZGtcL3dwLWNvbnRlbnRcL3VwbG9hZHNcLzIwMjVcLzEwXC9MLTMwMC0xLmpwZyIsInNsaWRlc2hvdyI6IjM1ZmQzODkifQ%3D%3D\" data-rel=\"-image-0\" data-rl_title=\"\" data-rl_caption=\"\" title=\"\">\n\t\t\t\t\t<div class=\"e-gallery-image elementor-gallery-item__image\" data-thumbnail=\"https:\/\/kongernesferiepark.dk\/wp-content\/uploads\/2025\/10\/L-300-1.jpg\" data-width=\"1600\" data-height=\"1067\" aria-label=\"\" role=\"img\" ><\/div>\n\t\t\t\t\t\t\t\t\t\t\t<div class=\"elementor-gallery-item__overlay\"><\/div>\n\t\t\t\t\t\t\t\t\t\t\t\t\t\t<\/a>\n\t\t\t\t\t\t\t<a class=\"e-gallery-item elementor-gallery-item elementor-animated-content\" href=\"https:\/\/kongernesferiepark.dk\/wp-content\/uploads\/2025\/10\/L-302-allrum-1.jpg\" data-elementor-open-lightbox=\"yes\" data-elementor-lightbox-slideshow=\"35fd389\" data-e-action-hash=\"#elementor-action%3Aaction%3Dlightbox%26settings%3DeyJpZCI6MTI2NzUsInVybCI6Imh0dHBzOlwvXC9rb25nZXJuZXNmZXJpZXBhcmsuZGtcL3dwLWNvbnRlbnRcL3VwbG9hZHNcLzIwMjVcLzEwXC9MLTMwMi1hbGxydW0tMS5qcGciLCJzbGlkZXNob3ciOiIzNWZkMzg5In0%3D\" data-rel=\"-image-1\" data-rl_title=\"\" data-rl_caption=\"\" title=\"\">\n\t\t\t\t\t<div class=\"e-gallery-image elementor-gallery-item__image\" data-thumbnail=\"https:\/\/kongernesferiepark.dk\/wp-content\/uploads\/2025\/10\/L-302-allrum-1.jpg\" data-width=\"1600\" data-height=\"1067\" aria-label=\"\" role=\"img\" ><\/div>\n\t\t\t\t\t\t\t\t\t\t\t<div class=\"elementor-gallery-item__overlay\"><\/div>\n\t\t\t\t\t\t\t\t\t\t\t\t\t\t<\/a>\n\t\t\t\t\t\t\t<a class=\"e-gallery-item elementor-gallery-item elementor-animated-content\" href=\"https:\/\/kongernesferiepark.dk\/wp-content\/uploads\/2025\/10\/L-302-vaer-1.jpg\" data-elementor-open-lightbox=\"yes\" data-elementor-lightbox-slideshow=\"35fd389\" data-e-action-hash=\"#elementor-action%3Aaction%3Dlightbox%26settings%3DeyJpZCI6MTI2ODIsInVybCI6Imh0dHBzOlwvXC9rb25nZXJuZXNmZXJpZXBhcmsuZGtcL3dwLWNvbnRlbnRcL3VwbG9hZHNcLzIwMjVcLzEwXC9MLTMwMi12YWVyLTEuanBnIiwic2xpZGVzaG93IjoiMzVmZDM4OSJ9\" data-rel=\"-image-2\" data-rl_title=\"\" data-rl_caption=\"\" title=\"\">\n\t\t\t\t\t<div class=\"e-gallery-image elementor-gallery-item__image\" data-thumbnail=\"https:\/\/kongernesferiepark.dk\/wp-content\/uploads\/2025\/10\/L-302-vaer-1.jpg\" data-width=\"1600\" data-height=\"1067\" aria-label=\"\" role=\"img\" ><\/div>\n\t\t\t\t\t\t\t\t\t\t\t<div class=\"elementor-gallery-item__overlay\"><\/div>\n\t\t\t\t\t\t\t\t\t\t\t\t\t\t<\/a>\n\t\t\t\t\t\t\t<a class=\"e-gallery-item elementor-gallery-item elementor-animated-content\" href=\"https:\/\/kongernesferiepark.dk\/wp-content\/uploads\/2025\/10\/L-301-vaer-1.jpg\" data-elementor-open-lightbox=\"yes\" data-elementor-lightbox-slideshow=\"35fd389\" data-e-action-hash=\"#elementor-action%3Aaction%3Dlightbox%26settings%3DeyJpZCI6MTI2ODksInVybCI6Imh0dHBzOlwvXC9rb25nZXJuZXNmZXJpZXBhcmsuZGtcL3dwLWNvbnRlbnRcL3VwbG9hZHNcLzIwMjVcLzEwXC9MLTMwMS12YWVyLTEuanBnIiwic2xpZGVzaG93IjoiMzVmZDM4OSJ9\" data-rel=\"-image-3\" data-rl_title=\"\" data-rl_caption=\"\" title=\"\">\n\t\t\t\t\t<div class=\"e-gallery-image elementor-gallery-item__image\" data-thumbnail=\"https:\/\/kongernesferiepark.dk\/wp-content\/uploads\/2025\/10\/L-301-vaer-1.jpg\" data-width=\"1600\" data-height=\"1067\" aria-label=\"\" role=\"img\" ><\/div>\n\t\t\t\t\t\t\t\t\t\t\t<div class=\"elementor-gallery-item__overlay\"><\/div>\n\t\t\t\t\t\t\t\t\t\t\t\t\t\t<\/a>\n\t\t\t\t\t\t\t<a class=\"e-gallery-item elementor-gallery-item elementor-animated-content\" href=\"https:\/\/kongernesferiepark.dk\/wp-content\/uploads\/2025\/10\/L-300-toilet-1.jpg\" data-elementor-open-lightbox=\"yes\" data-elementor-lightbox-slideshow=\"35fd389\" data-e-action-hash=\"#elementor-action%3Aaction%3Dlightbox%26settings%3DeyJpZCI6MTI2OTYsInVybCI6Imh0dHBzOlwvXC9rb25nZXJuZXNmZXJpZXBhcmsuZGtcL3dwLWNvbnRlbnRcL3VwbG9hZHNcLzIwMjVcLzEwXC9MLTMwMC10b2lsZXQtMS5qcGciLCJzbGlkZXNob3ciOiIzNWZkMzg5In0%3D\" data-rel=\"-image-4\" data-rl_title=\"\" data-rl_caption=\"\" title=\"\">\n\t\t\t\t\t<div class=\"e-gallery-image elementor-gallery-item__image\" data-thumbnail=\"https:\/\/kongernesferiepark.dk\/wp-content\/uploads\/2025\/10\/L-300-toilet-1.jpg\" data-width=\"1600\" data-height=\"1067\" aria-label=\"\" role=\"img\" ><\/div>\n\t\t\t\t\t\t\t\t\t\t\t<div class=\"elementor-gallery-item__overlay\"><\/div>\n\t\t\t\t\t\t\t\t\t\t\t\t\t\t<\/a>\n\t\t\t\t\t<\/div>\n\t\t\t\t\t<\/div>\n\t\t\t\t<\/div>\n\t\t\t\t\t<\/div>\n\t\t\t\t<\/div>\n\t\t<div class=\"elementor-element elementor-element-744e3a6 e-con-full e-flex e-con e-parent\" data-id=\"744e3a6\" data-element_type=\"container\">\n\t\t\t\t<div class=\"elementor-element elementor-element-b58bd5f elementor-widget elementor-widget-template\" data-id=\"b58bd5f\" data-element_type=\"widget\" data-widget_type=\"template.default\">\n\t\t\t\t<div class=\"elementor-widget-container\">\n\t\t\t\t\t\t\t<div class=\"elementor-template\">\n\t\t\t\t\t<div data-elementor-type=\"container\" data-elementor-id=\"13513\" class=\"elementor elementor-13513 elementor-10411\" data-elementor-post-type=\"elementor_library\">\n\t\t\t\t<div class=\"elementor-element elementor-element-b01ab3c white e-con-full e-flex e-con e-parent\" data-id=\"b01ab3c\" data-element_type=\"container\" data-settings=\"{&quot;background_background&quot;:&quot;classic&quot;,&quot;background_motion_fx_motion_fx_scrolling&quot;:&quot;yes&quot;,&quot;background_motion_fx_translateY_effect&quot;:&quot;yes&quot;,&quot;background_motion_fx_translateY_speed&quot;:{&quot;unit&quot;:&quot;px&quot;,&quot;size&quot;:5,&quot;sizes&quot;:[]},&quot;background_motion_fx_translateY_affectedRange&quot;:{&quot;unit&quot;:&quot;%&quot;,&quot;size&quot;:&quot;&quot;,&quot;sizes&quot;:{&quot;start&quot;:0,&quot;end&quot;:100}},&quot;background_motion_fx_devices&quot;:[&quot;desktop&quot;,&quot;laptop&quot;,&quot;tablet&quot;,&quot;mobile&quot;]}\">\n\t\t<div class=\"elementor-element elementor-element-40b4ae8f e-con-full e-flex e-con e-child\" data-id=\"40b4ae8f\" data-element_type=\"container\">\n\t\t\t\t<div class=\"elementor-element elementor-element-100a64e elementor-widget elementor-widget-image\" data-id=\"100a64e\" data-element_type=\"widget\" data-widget_type=\"image.default\">\n\t\t\t\t<div class=\"elementor-widget-container\">\n\t\t\t\t\t\t\t\t\t\t\t\t\t\t\t<img decoding=\"async\" width=\"123\" height=\"206\" src=\"https:\/\/kongernesferiepark.dk\/wp-content\/uploads\/2025\/10\/logo-icon.svg\" class=\"attachment-full size-full wp-image-11548\" alt=\"\" \/>\t\t\t\t\t\t\t\t\t\t\t\t\t\t\t<\/div>\n\t\t\t\t<\/div>\n\t\t\t\t<div class=\"elementor-element elementor-element-4a35733e elementor-widget elementor-widget-text-editor\" data-id=\"4a35733e\" data-element_type=\"widget\" data-widget_type=\"text-editor.default\">\n\t\t\t\t<div class=\"elementor-widget-container\">\n\t\t\t\t\t\t\t\t\t<h2>R\u00e9servez vos vacances ou votre \u00e9v\u00e9nement avec nous<\/h2><p>Envie de vacances chaleureuses et riches en exp\u00e9riences inoubliables&nbsp;? Ou bien d\u2019un lieu pour r\u00e9unir famille, amis ou coll\u00e8gues&nbsp;? Kongernes Feriepark est la solution id\u00e9ale. Nous serons ravis de vous accueillir et de cr\u00e9er le cadre parfait pour tous vos \u00e9v\u00e9nements, d\u2019un week-end tranquille \u00e0 une sortie d\u2019entreprise r\u00e9ussie.  <\/p><p>Contactez-nous d\u00e8s aujourd&rsquo;hui pour r\u00e9server ou obtenir plus d&rsquo;informations. Vous pouvez nous appeler au<a href=\"tel:48318448\" aria-label=\"Telefon nummer\">48 31 84 48<\/a> ou \u00e9crivez-nous \u00e0   <a href=\"mailto:info@kongernesferiepark.dk\" aria-label=\"Email adresse\">info@kongernesferiepark.dk<\/a><\/p><p>\u00c0 bient\u00f4t au camping ! \u2013 Vos h\u00f4tes, la famille Lundsh\u00f8j.<\/p>\t\t\t\t\t\t\t\t<\/div>\n\t\t\t\t<\/div>\n\t\t\t\t<\/div>\n\t\t\t\t<\/div>\n\t\t\t\t<\/div>\n\t\t\t\t<\/div>\n\t\t\t\t\t\t<\/div>\n\t\t\t\t<\/div>\n\t\t\t\t<\/div>\n\t\t\t\t<\/div>\n\t\t","protected":false},"excerpt":{"rendered":"<p>Appartements avec piscine Nos appartements sont destin\u00e9s \u00e0 ceux qui veulent tout. \u00c0 proximit\u00e9 des activit\u00e9s, grande piscine et restaurant. Les appartements sont situ\u00e9s juste \u00e0 c\u00f4t\u00e9 de la grande et belle piscine \u2013 ils sont \u00e9quip\u00e9s de toutes les commodit\u00e9s et offrent un v\u00e9ritable chez-soi loin de chez soi. Appartement avec 2 chambres pour &#8230; <a title=\"Appartements\" class=\"read-more\" href=\"https:\/\/kongernesferiepark.dk\/fr\/hebergement\/appartements\/\" aria-label=\"En savoir plus sur Appartements\">Lire plus<\/a><\/p>\n","protected":false},"author":1,"featured_media":0,"parent":13235,"menu_order":0,"comment_status":"closed","ping_status":"closed","template":"","meta":{"_acf_changed":false,"footnotes":""},"categories":[],"class_list":["post-13303","page","type-page","status-publish"],"acf":[],"yoast_head":"<!-- This site is optimized with the Yoast SEO plugin v27.3 - https:\/\/yoast.com\/product\/yoast-seo-wordpress\/ -->\n<title>appartements | Parc de vacances Kongernes<\/title>\n<meta name=\"description\" content=\"appartements | Parc de vacances Kongernes\" \/>\n<meta name=\"robots\" content=\"index, follow, max-snippet:-1, max-image-preview:large, max-video-preview:-1\" \/>\n<link rel=\"canonical\" href=\"https:\/\/kongernesferiepark.dk\/fr\/hebergement\/appartements\/\" \/>\n<meta property=\"og:locale\" content=\"fr_FR\" \/>\n<meta property=\"og:type\" content=\"article\" \/>\n<meta property=\"og:title\" content=\"appartements | Parc de vacances Kongernes\" \/>\n<meta property=\"og:description\" content=\"appartements | Parc de vacances Kongernes\" \/>\n<meta property=\"og:url\" content=\"https:\/\/kongernesferiepark.dk\/fr\/hebergement\/appartements\/\" \/>\n<meta property=\"og:site_name\" content=\"Kongernes Feriepark\" \/>\n<meta property=\"article:modified_time\" content=\"2025-12-15T09:47:37+00:00\" \/>\n<meta name=\"twitter:card\" content=\"summary_large_image\" \/>\n<meta name=\"twitter:label1\" content=\"Dur\u00e9e de lecture estim\u00e9e\" \/>\n\t<meta name=\"twitter:data1\" content=\"1 minute\" \/>\n<script type=\"application\/ld+json\" class=\"yoast-schema-graph\">{\"@context\":\"https:\\\/\\\/schema.org\",\"@graph\":[{\"@type\":\"WebPage\",\"@id\":\"https:\\\/\\\/kongernesferiepark.dk\\\/fr\\\/hebergement\\\/appartements\\\/\",\"url\":\"https:\\\/\\\/kongernesferiepark.dk\\\/fr\\\/hebergement\\\/appartements\\\/\",\"name\":\"appartements | Parc de vacances Kongernes\",\"isPartOf\":{\"@id\":\"https:\\\/\\\/kongernesferiepark.dk\\\/fr\\\/#website\"},\"primaryImageOfPage\":{\"@id\":\"https:\\\/\\\/kongernesferiepark.dk\\\/fr\\\/hebergement\\\/appartements\\\/#primaryimage\"},\"image\":{\"@id\":\"https:\\\/\\\/kongernesferiepark.dk\\\/fr\\\/hebergement\\\/appartements\\\/#primaryimage\"},\"thumbnailUrl\":\"https:\\\/\\\/kongernesferiepark.dk\\\/wp-content\\\/uploads\\\/2025\\\/10\\\/krone.svg\",\"datePublished\":\"2025-10-15T11:19:32+00:00\",\"dateModified\":\"2025-12-15T09:47:37+00:00\",\"description\":\"appartements | Parc de vacances Kongernes\",\"breadcrumb\":{\"@id\":\"https:\\\/\\\/kongernesferiepark.dk\\\/fr\\\/hebergement\\\/appartements\\\/#breadcrumb\"},\"inLanguage\":\"fr-FR\",\"potentialAction\":[{\"@type\":\"ReadAction\",\"target\":[\"https:\\\/\\\/kongernesferiepark.dk\\\/fr\\\/hebergement\\\/appartements\\\/\"]}]},{\"@type\":\"ImageObject\",\"inLanguage\":\"fr-FR\",\"@id\":\"https:\\\/\\\/kongernesferiepark.dk\\\/fr\\\/hebergement\\\/appartements\\\/#primaryimage\",\"url\":\"https:\\\/\\\/kongernesferiepark.dk\\\/wp-content\\\/uploads\\\/2025\\\/10\\\/krone.svg\",\"contentUrl\":\"https:\\\/\\\/kongernesferiepark.dk\\\/wp-content\\\/uploads\\\/2025\\\/10\\\/krone.svg\"},{\"@type\":\"BreadcrumbList\",\"@id\":\"https:\\\/\\\/kongernesferiepark.dk\\\/fr\\\/hebergement\\\/appartements\\\/#breadcrumb\",\"itemListElement\":[{\"@type\":\"ListItem\",\"position\":1,\"name\":\"Forside\",\"item\":\"https:\\\/\\\/kongernesferiepark.dk\\\/fr\\\/\"},{\"@type\":\"ListItem\",\"position\":2,\"name\":\"H\u00e9bergement\",\"item\":\"https:\\\/\\\/kongernesferiepark.dk\\\/fr\\\/hebergement\\\/\"},{\"@type\":\"ListItem\",\"position\":3,\"name\":\"Appartements\"}]},{\"@type\":\"WebSite\",\"@id\":\"https:\\\/\\\/kongernesferiepark.dk\\\/fr\\\/#website\",\"url\":\"https:\\\/\\\/kongernesferiepark.dk\\\/fr\\\/\",\"name\":\"Kongernes Feriepark\",\"description\":\"Campingplads i natursk\u00f8nne omgivelser\",\"publisher\":{\"@id\":\"https:\\\/\\\/kongernesferiepark.dk\\\/fr\\\/#organization\"},\"potentialAction\":[{\"@type\":\"SearchAction\",\"target\":{\"@type\":\"EntryPoint\",\"urlTemplate\":\"https:\\\/\\\/kongernesferiepark.dk\\\/fr\\\/?s={search_term_string}\"},\"query-input\":{\"@type\":\"PropertyValueSpecification\",\"valueRequired\":true,\"valueName\":\"search_term_string\"}}],\"inLanguage\":\"fr-FR\"},{\"@type\":\"Organization\",\"@id\":\"https:\\\/\\\/kongernesferiepark.dk\\\/fr\\\/#organization\",\"name\":\"Kongernes Feriepark\",\"url\":\"https:\\\/\\\/kongernesferiepark.dk\\\/fr\\\/\",\"logo\":{\"@type\":\"ImageObject\",\"inLanguage\":\"fr-FR\",\"@id\":\"https:\\\/\\\/kongernesferiepark.dk\\\/fr\\\/#\\\/schema\\\/logo\\\/image\\\/\",\"url\":\"https:\\\/\\\/kongernesferiepark.dk\\\/wp-content\\\/uploads\\\/2025\\\/10\\\/logo.svg\",\"contentUrl\":\"https:\\\/\\\/kongernesferiepark.dk\\\/wp-content\\\/uploads\\\/2025\\\/10\\\/logo.svg\",\"width\":614,\"height\":206,\"caption\":\"Kongernes Feriepark\"},\"image\":{\"@id\":\"https:\\\/\\\/kongernesferiepark.dk\\\/fr\\\/#\\\/schema\\\/logo\\\/image\\\/\"}}]}<\/script>\n<!-- \/ Yoast SEO plugin. -->","yoast_head_json":{"title":"appartements | Parc de vacances Kongernes","description":"appartements | Parc de vacances Kongernes","robots":{"index":"index","follow":"follow","max-snippet":"max-snippet:-1","max-image-preview":"max-image-preview:large","max-video-preview":"max-video-preview:-1"},"canonical":"https:\/\/kongernesferiepark.dk\/fr\/hebergement\/appartements\/","og_locale":"fr_FR","og_type":"article","og_title":"appartements | Parc de vacances Kongernes","og_description":"appartements | Parc de vacances Kongernes","og_url":"https:\/\/kongernesferiepark.dk\/fr\/hebergement\/appartements\/","og_site_name":"Kongernes Feriepark","article_modified_time":"2025-12-15T09:47:37+00:00","twitter_card":"summary_large_image","twitter_misc":{"Dur\u00e9e de lecture estim\u00e9e":"1 minute"},"schema":{"@context":"https:\/\/schema.org","@graph":[{"@type":"WebPage","@id":"https:\/\/kongernesferiepark.dk\/fr\/hebergement\/appartements\/","url":"https:\/\/kongernesferiepark.dk\/fr\/hebergement\/appartements\/","name":"appartements | Parc de vacances Kongernes","isPartOf":{"@id":"https:\/\/kongernesferiepark.dk\/fr\/#website"},"primaryImageOfPage":{"@id":"https:\/\/kongernesferiepark.dk\/fr\/hebergement\/appartements\/#primaryimage"},"image":{"@id":"https:\/\/kongernesferiepark.dk\/fr\/hebergement\/appartements\/#primaryimage"},"thumbnailUrl":"https:\/\/kongernesferiepark.dk\/wp-content\/uploads\/2025\/10\/krone.svg","datePublished":"2025-10-15T11:19:32+00:00","dateModified":"2025-12-15T09:47:37+00:00","description":"appartements | Parc de vacances Kongernes","breadcrumb":{"@id":"https:\/\/kongernesferiepark.dk\/fr\/hebergement\/appartements\/#breadcrumb"},"inLanguage":"fr-FR","potentialAction":[{"@type":"ReadAction","target":["https:\/\/kongernesferiepark.dk\/fr\/hebergement\/appartements\/"]}]},{"@type":"ImageObject","inLanguage":"fr-FR","@id":"https:\/\/kongernesferiepark.dk\/fr\/hebergement\/appartements\/#primaryimage","url":"https:\/\/kongernesferiepark.dk\/wp-content\/uploads\/2025\/10\/krone.svg","contentUrl":"https:\/\/kongernesferiepark.dk\/wp-content\/uploads\/2025\/10\/krone.svg"},{"@type":"BreadcrumbList","@id":"https:\/\/kongernesferiepark.dk\/fr\/hebergement\/appartements\/#breadcrumb","itemListElement":[{"@type":"ListItem","position":1,"name":"Forside","item":"https:\/\/kongernesferiepark.dk\/fr\/"},{"@type":"ListItem","position":2,"name":"H\u00e9bergement","item":"https:\/\/kongernesferiepark.dk\/fr\/hebergement\/"},{"@type":"ListItem","position":3,"name":"Appartements"}]},{"@type":"WebSite","@id":"https:\/\/kongernesferiepark.dk\/fr\/#website","url":"https:\/\/kongernesferiepark.dk\/fr\/","name":"Kongernes Feriepark","description":"Campingplads i natursk\u00f8nne omgivelser","publisher":{"@id":"https:\/\/kongernesferiepark.dk\/fr\/#organization"},"potentialAction":[{"@type":"SearchAction","target":{"@type":"EntryPoint","urlTemplate":"https:\/\/kongernesferiepark.dk\/fr\/?s={search_term_string}"},"query-input":{"@type":"PropertyValueSpecification","valueRequired":true,"valueName":"search_term_string"}}],"inLanguage":"fr-FR"},{"@type":"Organization","@id":"https:\/\/kongernesferiepark.dk\/fr\/#organization","name":"Kongernes Feriepark","url":"https:\/\/kongernesferiepark.dk\/fr\/","logo":{"@type":"ImageObject","inLanguage":"fr-FR","@id":"https:\/\/kongernesferiepark.dk\/fr\/#\/schema\/logo\/image\/","url":"https:\/\/kongernesferiepark.dk\/wp-content\/uploads\/2025\/10\/logo.svg","contentUrl":"https:\/\/kongernesferiepark.dk\/wp-content\/uploads\/2025\/10\/logo.svg","width":614,"height":206,"caption":"Kongernes Feriepark"},"image":{"@id":"https:\/\/kongernesferiepark.dk\/fr\/#\/schema\/logo\/image\/"}}]}},"_links":{"self":[{"href":"https:\/\/kongernesferiepark.dk\/fr\/wp-json\/wp\/v2\/pages\/13303","targetHints":{"allow":["GET"]}}],"collection":[{"href":"https:\/\/kongernesferiepark.dk\/fr\/wp-json\/wp\/v2\/pages"}],"about":[{"href":"https:\/\/kongernesferiepark.dk\/fr\/wp-json\/wp\/v2\/types\/page"}],"author":[{"embeddable":true,"href":"https:\/\/kongernesferiepark.dk\/fr\/wp-json\/wp\/v2\/users\/1"}],"replies":[{"embeddable":true,"href":"https:\/\/kongernesferiepark.dk\/fr\/wp-json\/wp\/v2\/comments?post=13303"}],"version-history":[{"count":1,"href":"https:\/\/kongernesferiepark.dk\/fr\/wp-json\/wp\/v2\/pages\/13303\/revisions"}],"predecessor-version":[{"id":13305,"href":"https:\/\/kongernesferiepark.dk\/fr\/wp-json\/wp\/v2\/pages\/13303\/revisions\/13305"}],"up":[{"embeddable":true,"href":"https:\/\/kongernesferiepark.dk\/fr\/wp-json\/wp\/v2\/pages\/13235"}],"wp:attachment":[{"href":"https:\/\/kongernesferiepark.dk\/fr\/wp-json\/wp\/v2\/media?parent=13303"}],"wp:term":[{"taxonomy":"category","embeddable":true,"href":"https:\/\/kongernesferiepark.dk\/fr\/wp-json\/wp\/v2\/categories?post=13303"}],"curies":[{"name":"wp","href":"https:\/\/api.w.org\/{rel}","templated":true}]}}