{"id":13201,"date":"2025-10-15T13:18:37","date_gmt":"2025-10-15T11:18:37","guid":{"rendered":"https:\/\/kongernesferiepark.dk\/a-propos-de-nous\/"},"modified":"2025-12-15T10:46:58","modified_gmt":"2025-12-15T09:46:58","slug":"a-propos-de-nous","status":"publish","type":"page","link":"https:\/\/kongernesferiepark.dk\/fr\/a-propos-de-nous\/","title":{"rendered":"\u00c0 propos de nous"},"content":{"rendered":"\t\t<div data-elementor-type=\"wp-page\" data-elementor-id=\"13201\" class=\"elementor elementor-13201 elementor-10460\" data-elementor-post-type=\"page\">\n\t\t\t\t<div class=\"elementor-element elementor-element-3ec0d6c white e-flex e-con-boxed e-con e-parent\" data-id=\"3ec0d6c\" data-element_type=\"container\" data-settings=\"{&quot;background_background&quot;:&quot;video&quot;,&quot;background_video_link&quot;:&quot;https:\\\/\\\/gostmediaserviceprod.blob.core.windows.net\\\/asset-8924ae05-b924-4a42-90b5-4a0baa05dd52\\\/hero_1920x1080_6000k.mp4&quot;,&quot;background_play_on_mobile&quot;:&quot;yes&quot;,&quot;shape_divider_bottom&quot;:&quot;triangle&quot;,&quot;shape_divider_bottom_negative&quot;:&quot;yes&quot;}\">\n\t\t\t\t\t<div class=\"e-con-inner\">\n\t\t<div class=\"elementor-background-video-container\" aria-hidden=\"true\">\n\t\t\t\t\t\t\t<video class=\"elementor-background-video-hosted\" autoplay muted playsinline loop><\/video>\n\t\t\t\t\t<\/div>\t\t<div class=\"elementor-shape elementor-shape-bottom\" aria-hidden=\"true\" data-negative=\"true\">\n\t\t\t<svg xmlns=\"http:\/\/www.w3.org\/2000\/svg\" viewBox=\"0 0 1000 100\" preserveAspectRatio=\"none\">\n\t<path class=\"elementor-shape-fill\" d=\"M500.2,94.7L0,0v100h1000V0L500.2,94.7z\"\/>\n<\/svg>\t\t<\/div>\n\t\t<div class=\"elementor-element elementor-element-32eb71e e-con-full e-flex elementor-invisible e-con e-child\" data-id=\"32eb71e\" data-element_type=\"container\" data-settings=\"{&quot;animation&quot;:&quot;fadeInDown&quot;,&quot;animation_mobile&quot;:&quot;none&quot;}\">\n\t\t\t\t<div class=\"elementor-element elementor-element-c817e6a elementor-widget elementor-widget-image\" data-id=\"c817e6a\" data-element_type=\"widget\" data-widget_type=\"image.default\">\n\t\t\t\t<div class=\"elementor-widget-container\">\n\t\t\t\t\t\t\t\t\t\t\t\t\t\t\t<img decoding=\"async\" width=\"80\" height=\"80\" src=\"https:\/\/kongernesferiepark.dk\/wp-content\/uploads\/2025\/10\/krone.svg\" class=\"attachment-full size-full wp-image-12297\" alt=\"\" \/>\t\t\t\t\t\t\t\t\t\t\t\t\t\t\t<\/div>\n\t\t\t\t<\/div>\n\t\t\t\t<div class=\"elementor-element elementor-element-2fb7392 elementor-widget elementor-widget-heading\" data-id=\"2fb7392\" data-element_type=\"widget\" data-widget_type=\"heading.default\">\n\t\t\t\t<div class=\"elementor-widget-container\">\n\t\t\t\t\t<h1 class=\"elementor-heading-title elementor-size-default\">\u00c0 propos du parc de vacances Kings<\/h1>\t\t\t\t<\/div>\n\t\t\t\t<\/div>\n\t\t\t\t<\/div>\n\t\t\t\t\t<\/div>\n\t\t\t\t<\/div>\n\t\t<div class=\"elementor-element elementor-element-afe9122 e-flex e-con-boxed e-con e-parent\" data-id=\"afe9122\" data-element_type=\"container\">\n\t\t\t\t\t<div class=\"e-con-inner\">\n\t\t<div class=\"elementor-element elementor-element-67d8f5d e-con-full e-flex e-con e-child\" data-id=\"67d8f5d\" data-element_type=\"container\">\n\t\t<div class=\"elementor-element elementor-element-10a68db e-con-full e-flex e-con e-child\" data-id=\"10a68db\" data-element_type=\"container\">\n\t\t\t\t<div class=\"elementor-element elementor-element-c836897 elementor-widget elementor-widget-text-editor\" data-id=\"c836897\" data-element_type=\"widget\" data-widget_type=\"text-editor.default\">\n\t\t\t\t<div class=\"elementor-widget-container\">\n\t\t\t\t\t\t\t\t\t<h2>Camping dans un cadre pittoresque<\/h2><p>Le parc de loisirs de Kongernes est situ\u00e9 au c\u0153ur de Kongernes Nordsj\u00e6lland, \u00e0 proximit\u00e9 de la for\u00eat et de la plage. Il se trouve \u00e0 Smidstrup Strand, \u00e0 2 km de la plage et \u00e0 environ 7 km de Gilleleje. Le site est actuellement g\u00e9r\u00e9 par Kim Lundsh\u00f8j, qui en a pris la direction en 2018.  <\/p><p>La plupart des b\u00e2timents ont \u00e9t\u00e9 d\u00e9truits par un incendie en juin 2004 et ont ensuite \u00e9t\u00e9 reconstruits avec des mat\u00e9riaux de construction modernes et destin\u00e9s \u00e0 servir de camping.<\/p><p>Au cours des 20 derni\u00e8res ann\u00e9es, de nombreux chalets, une grande et belle piscine ainsi que diverses zones d&rsquo;activit\u00e9s ont \u00e9galement \u00e9t\u00e9 construits.<\/p><p>L&rsquo;\u00e9tablissement compte 4 \u00e9toiles et propose toutes les commodit\u00e9s modernes, notamment une sup\u00e9rette et un restaurant, et est ouvert toute l&rsquo;ann\u00e9e.<\/p>\t\t\t\t\t\t\t\t<\/div>\n\t\t\t\t<\/div>\n\t\t\t\t<div class=\"elementor-element elementor-element-d5a7901 cta elementor-widget elementor-widget-button\" data-id=\"d5a7901\" data-element_type=\"widget\" data-widget_type=\"button.default\">\n\t\t\t\t<div class=\"elementor-widget-container\">\n\t\t\t\t\t\t\t\t\t<div class=\"elementor-button-wrapper\">\n\t\t\t\t\t<a class=\"elementor-button elementor-button-link elementor-size-sm\" href=\"https:\/\/kongernesferiepark.dk\/fr\/contactez-nous\/\">\n\t\t\t\t\t\t<span class=\"elementor-button-content-wrapper\">\n\t\t\t\t\t\t\t\t\t<span class=\"elementor-button-text\">Contactez-nous d\u00e8s aujourd'hui<\/span>\n\t\t\t\t\t<\/span>\n\t\t\t\t\t<\/a>\n\t\t\t\t<\/div>\n\t\t\t\t\t\t\t\t<\/div>\n\t\t\t\t<\/div>\n\t\t\t\t<\/div>\n\t\t<div class=\"elementor-element elementor-element-f258b1d e-con-full e-flex elementor-invisible e-con e-child\" data-id=\"f258b1d\" data-element_type=\"container\" data-settings=\"{&quot;background_background&quot;:&quot;classic&quot;,&quot;animation&quot;:&quot;fadeInRight&quot;,&quot;animation_mobile&quot;:&quot;none&quot;}\">\n\t\t\t\t<\/div>\n\t\t\t\t<\/div>\n\t\t\t\t\t<\/div>\n\t\t\t\t<\/div>\n\t\t<div class=\"elementor-element elementor-element-6b3ad21 accent e-flex e-con-boxed e-con e-parent\" data-id=\"6b3ad21\" data-element_type=\"container\">\n\t\t\t\t\t<div class=\"e-con-inner\">\n\t\t<div class=\"elementor-element elementor-element-7d69a70 e-con-full e-flex e-con e-child\" data-id=\"7d69a70\" data-element_type=\"container\">\n\t\t<div class=\"elementor-element elementor-element-4feb1ab e-con-full e-flex elementor-invisible e-con e-child\" data-id=\"4feb1ab\" data-element_type=\"container\" data-settings=\"{&quot;background_background&quot;:&quot;classic&quot;,&quot;animation&quot;:&quot;fadeInLeft&quot;,&quot;animation_mobile&quot;:&quot;none&quot;}\">\n\t\t\t\t<\/div>\n\t\t<div class=\"elementor-element elementor-element-f63eab8 e-con-full e-flex e-con e-child\" data-id=\"f63eab8\" data-element_type=\"container\">\n\t\t\t\t<div class=\"elementor-element elementor-element-0909079 elementor-widget elementor-widget-text-editor\" data-id=\"0909079\" data-element_type=\"widget\" data-widget_type=\"text-editor.default\">\n\t\t\t\t<div class=\"elementor-widget-container\">\n\t\t\t\t\t\t\t\t\t<h2>Nous nous concentrons sur l&rsquo;exp\u00e9rience<\/h2><p>L&rsquo;essence m\u00eame de notre entreprise r\u00e9side dans le service et l&rsquo;exp\u00e9rience offerts \u00e0 nos clients au Kongernes Feriepark. C&rsquo;est pourquoi nous accordons une importance capitale \u00e0 la qualit\u00e9 de nos prestations et de notre exp\u00e9rience, en nous mettant toujours \u00e0 la place du client. Nos h\u00f4tes doivent se sentir comme des rois et des reines lors de leurs vacances au Kongernes Feriepark.  <\/p><h2>Pourquoi \u00ab Kings Holiday Park \u00bb<\/h2><p>Nous souhaitons cr\u00e9er un r\u00e9cit sur le Nord de la Z\u00e9lande, terre des rois. C&rsquo;est un projet que Visit North Zealand a d\u00e9j\u00e0 initi\u00e9 en collaboration avec la Riviera danoise. <\/p><p><strong>Cette histoire constitue le th\u00e8me principal. En voici quelques exemples&nbsp;: <\/strong><\/p><ul><li>La route d&rsquo;entr\u00e9e s&rsquo;appelle Kongevejen<\/li><li>Les chambres portent le nom de nos reines.<\/li><li>Les cabines portent des noms de princesses, etc.<\/li><\/ul>\t\t\t\t\t\t\t\t<\/div>\n\t\t\t\t<\/div>\n\t\t\t\t<\/div>\n\t\t\t\t<\/div>\n\t\t\t\t\t<\/div>\n\t\t\t\t<\/div>\n\t\t<div class=\"elementor-element elementor-element-a15b318 e-flex e-con-boxed e-con e-parent\" data-id=\"a15b318\" data-element_type=\"container\">\n\t\t\t\t\t<div class=\"e-con-inner\">\n\t\t<div class=\"elementor-element elementor-element-1a06b8d e-con-full e-flex e-con e-child\" data-id=\"1a06b8d\" data-element_type=\"container\">\n\t\t<div class=\"elementor-element elementor-element-1edbb94 e-con-full e-flex e-con e-child\" data-id=\"1edbb94\" data-element_type=\"container\">\n\t\t\t\t<div class=\"elementor-element elementor-element-97af612 elementor-widget elementor-widget-text-editor\" data-id=\"97af612\" data-element_type=\"widget\" data-widget_type=\"text-editor.default\">\n\t\t\t\t<div class=\"elementor-widget-container\">\n\t\t\t\t\t\t\t\t\t<h2>Mission, vision et valeurs pour Kongernes Feriepark \u2013 Smidstrup Strand<\/h2><h3>Mission:<\/h3><ul><li>Offrir aux clients des vacances actives adapt\u00e9es \u00e0 leurs besoins individuels<\/li><li>Offrir aux clients la possibilit\u00e9 de participer \u00e0 toutes les activit\u00e9s que le lieu et l&rsquo;environnement physique permettent.<\/li><li>Offrir aux clients une exp\u00e9rience exceptionnelle, hors du commun.<\/li><\/ul><h3>Vision:<\/h3><p>Des vacances actives pour tous, avec le client au centre \u2013 \u00ab Le client est roi \u00bb<\/p><p><strong>Les bonnes valeurs cr\u00e9ent des clients et des employ\u00e9s satisfaits&nbsp;:<\/strong><\/p><ul><li>Priorit\u00e9 au client \u2013 \u200b\u200bl\u2019invit\u00e9 est roi<\/li><li>Cr\u00e9dibilit\u00e9 \u2013 nous sommes une entreprise s\u00e9rieuse<\/li><li>Fid\u00e9lit\u00e9 \u2013 nous sommes fid\u00e8les \u00e0 nos clients et \u00e0 notre personnel<\/li><li>Un savoir-faire de qualit\u00e9 \u2013 nous g\u00e9n\u00e9rons des revenus gr\u00e2ce au d\u00e9veloppement<\/li><\/ul>\t\t\t\t\t\t\t\t<\/div>\n\t\t\t\t<\/div>\n\t\t\t\t<div class=\"elementor-element elementor-element-1e989d8 cta elementor-widget elementor-widget-button\" data-id=\"1e989d8\" data-element_type=\"widget\" data-widget_type=\"button.default\">\n\t\t\t\t<div class=\"elementor-widget-container\">\n\t\t\t\t\t\t\t\t\t<div class=\"elementor-button-wrapper\">\n\t\t\t\t\t<a class=\"elementor-button elementor-button-link elementor-size-sm\" href=\"https:\/\/kongernesferiepark.dk\/fr\/contactez-nous\/\">\n\t\t\t\t\t\t<span class=\"elementor-button-content-wrapper\">\n\t\t\t\t\t\t\t\t\t<span class=\"elementor-button-text\">Contactez-nous d\u00e8s aujourd'hui<\/span>\n\t\t\t\t\t<\/span>\n\t\t\t\t\t<\/a>\n\t\t\t\t<\/div>\n\t\t\t\t\t\t\t\t<\/div>\n\t\t\t\t<\/div>\n\t\t\t\t<\/div>\n\t\t<div class=\"elementor-element elementor-element-c1b4563 e-con-full e-flex elementor-invisible e-con e-child\" data-id=\"c1b4563\" data-element_type=\"container\" data-settings=\"{&quot;background_background&quot;:&quot;classic&quot;,&quot;animation&quot;:&quot;fadeInRight&quot;,&quot;animation_mobile&quot;:&quot;none&quot;}\">\n\t\t\t\t<\/div>\n\t\t\t\t<\/div>\n\t\t\t\t\t<\/div>\n\t\t\t\t<\/div>\n\t\t<div class=\"elementor-element elementor-element-744e3a6 e-con-full e-flex e-con e-parent\" data-id=\"744e3a6\" data-element_type=\"container\">\n\t\t\t\t<div class=\"elementor-element elementor-element-b58bd5f elementor-widget elementor-widget-template\" data-id=\"b58bd5f\" data-element_type=\"widget\" data-widget_type=\"template.default\">\n\t\t\t\t<div class=\"elementor-widget-container\">\n\t\t\t\t\t\t\t<div class=\"elementor-template\">\n\t\t\t\t\t<div data-elementor-type=\"container\" data-elementor-id=\"13513\" class=\"elementor elementor-13513 elementor-10411\" data-elementor-post-type=\"elementor_library\">\n\t\t\t\t<div class=\"elementor-element elementor-element-b01ab3c white e-con-full e-flex e-con e-parent\" data-id=\"b01ab3c\" data-element_type=\"container\" data-settings=\"{&quot;background_background&quot;:&quot;classic&quot;,&quot;background_motion_fx_motion_fx_scrolling&quot;:&quot;yes&quot;,&quot;background_motion_fx_translateY_effect&quot;:&quot;yes&quot;,&quot;background_motion_fx_translateY_speed&quot;:{&quot;unit&quot;:&quot;px&quot;,&quot;size&quot;:5,&quot;sizes&quot;:[]},&quot;background_motion_fx_translateY_affectedRange&quot;:{&quot;unit&quot;:&quot;%&quot;,&quot;size&quot;:&quot;&quot;,&quot;sizes&quot;:{&quot;start&quot;:0,&quot;end&quot;:100}},&quot;background_motion_fx_devices&quot;:[&quot;desktop&quot;,&quot;laptop&quot;,&quot;tablet&quot;,&quot;mobile&quot;]}\">\n\t\t<div class=\"elementor-element elementor-element-40b4ae8f e-con-full e-flex e-con e-child\" data-id=\"40b4ae8f\" data-element_type=\"container\">\n\t\t\t\t<div class=\"elementor-element elementor-element-100a64e elementor-widget elementor-widget-image\" data-id=\"100a64e\" data-element_type=\"widget\" data-widget_type=\"image.default\">\n\t\t\t\t<div class=\"elementor-widget-container\">\n\t\t\t\t\t\t\t\t\t\t\t\t\t\t\t<img decoding=\"async\" width=\"123\" height=\"206\" src=\"https:\/\/kongernesferiepark.dk\/wp-content\/uploads\/2025\/10\/logo-icon.svg\" class=\"attachment-full size-full wp-image-11548\" alt=\"\" \/>\t\t\t\t\t\t\t\t\t\t\t\t\t\t\t<\/div>\n\t\t\t\t<\/div>\n\t\t\t\t<div class=\"elementor-element elementor-element-4a35733e elementor-widget elementor-widget-text-editor\" data-id=\"4a35733e\" data-element_type=\"widget\" data-widget_type=\"text-editor.default\">\n\t\t\t\t<div class=\"elementor-widget-container\">\n\t\t\t\t\t\t\t\t\t<h2>R\u00e9servez vos vacances ou votre \u00e9v\u00e9nement avec nous<\/h2><p>Envie de vacances chaleureuses et riches en exp\u00e9riences inoubliables&nbsp;? Ou bien d\u2019un lieu pour r\u00e9unir famille, amis ou coll\u00e8gues&nbsp;? Kongernes Feriepark est la solution id\u00e9ale. Nous serons ravis de vous accueillir et de cr\u00e9er le cadre parfait pour tous vos \u00e9v\u00e9nements, d\u2019un week-end tranquille \u00e0 une sortie d\u2019entreprise r\u00e9ussie.  <\/p><p>Contactez-nous d\u00e8s aujourd&rsquo;hui pour r\u00e9server ou obtenir plus d&rsquo;informations. Vous pouvez nous appeler au<a href=\"tel:48318448\" aria-label=\"Telefon nummer\">48 31 84 48<\/a> ou \u00e9crivez-nous \u00e0   <a href=\"mailto:info@kongernesferiepark.dk\" aria-label=\"Email adresse\">info@kongernesferiepark.dk<\/a><\/p><p>\u00c0 bient\u00f4t au camping ! \u2013 Vos h\u00f4tes, la famille Lundsh\u00f8j.<\/p>\t\t\t\t\t\t\t\t<\/div>\n\t\t\t\t<\/div>\n\t\t\t\t<\/div>\n\t\t\t\t<\/div>\n\t\t\t\t<\/div>\n\t\t\t\t<\/div>\n\t\t\t\t\t\t<\/div>\n\t\t\t\t<\/div>\n\t\t\t\t<\/div>\n\t\t\t\t<\/div>\n\t\t","protected":false},"excerpt":{"rendered":"<p>\u00c0 propos du parc de vacances Kings Camping dans un cadre pittoresque Le parc de loisirs de Kongernes est situ\u00e9 au c\u0153ur de Kongernes Nordsj\u00e6lland, \u00e0 proximit\u00e9 de la for\u00eat et de la plage. Il se trouve \u00e0 Smidstrup Strand, \u00e0 2 km de la plage et \u00e0 environ 7 km de Gilleleje. Le site &#8230; <a title=\"\u00c0 propos de nous\" class=\"read-more\" href=\"https:\/\/kongernesferiepark.dk\/fr\/a-propos-de-nous\/\" aria-label=\"En savoir plus sur \u00c0 propos de nous\">Lire plus<\/a><\/p>\n","protected":false},"author":1,"featured_media":0,"parent":0,"menu_order":0,"comment_status":"closed","ping_status":"closed","template":"","meta":{"_acf_changed":false,"footnotes":""},"categories":[],"class_list":["post-13201","page","type-page","status-publish"],"acf":[],"yoast_head":"<!-- This site is optimized with the Yoast SEO plugin v27.3 - https:\/\/yoast.com\/product\/yoast-seo-wordpress\/ -->\n<title>\u00c0 propos de nous | Kongernes Feriepark<\/title>\n<meta name=\"description\" content=\"\u00c0 propos de nous | Kongernes Feriepark\" \/>\n<meta name=\"robots\" content=\"index, follow, max-snippet:-1, max-image-preview:large, max-video-preview:-1\" \/>\n<link rel=\"canonical\" href=\"https:\/\/kongernesferiepark.dk\/fr\/a-propos-de-nous\/\" \/>\n<meta property=\"og:locale\" content=\"fr_FR\" \/>\n<meta property=\"og:type\" content=\"article\" \/>\n<meta property=\"og:title\" content=\"\u00c0 propos de nous | Kongernes Feriepark\" \/>\n<meta property=\"og:description\" content=\"\u00c0 propos de nous | Kongernes Feriepark\" \/>\n<meta property=\"og:url\" content=\"https:\/\/kongernesferiepark.dk\/fr\/a-propos-de-nous\/\" \/>\n<meta property=\"og:site_name\" content=\"Kongernes Feriepark\" \/>\n<meta property=\"article:modified_time\" content=\"2025-12-15T09:46:58+00:00\" \/>\n<meta name=\"twitter:card\" content=\"summary_large_image\" \/>\n<meta name=\"twitter:label1\" content=\"Dur\u00e9e de lecture estim\u00e9e\" \/>\n\t<meta name=\"twitter:data1\" content=\"2 minutes\" \/>\n<script type=\"application\/ld+json\" class=\"yoast-schema-graph\">{\"@context\":\"https:\\\/\\\/schema.org\",\"@graph\":[{\"@type\":\"WebPage\",\"@id\":\"https:\\\/\\\/kongernesferiepark.dk\\\/fr\\\/a-propos-de-nous\\\/\",\"url\":\"https:\\\/\\\/kongernesferiepark.dk\\\/fr\\\/a-propos-de-nous\\\/\",\"name\":\"\u00c0 propos de nous | Kongernes Feriepark\",\"isPartOf\":{\"@id\":\"https:\\\/\\\/kongernesferiepark.dk\\\/fr\\\/#website\"},\"primaryImageOfPage\":{\"@id\":\"https:\\\/\\\/kongernesferiepark.dk\\\/fr\\\/a-propos-de-nous\\\/#primaryimage\"},\"image\":{\"@id\":\"https:\\\/\\\/kongernesferiepark.dk\\\/fr\\\/a-propos-de-nous\\\/#primaryimage\"},\"thumbnailUrl\":\"https:\\\/\\\/kongernesferiepark.dk\\\/wp-content\\\/uploads\\\/2025\\\/10\\\/krone.svg\",\"datePublished\":\"2025-10-15T11:18:37+00:00\",\"dateModified\":\"2025-12-15T09:46:58+00:00\",\"description\":\"\u00c0 propos de nous | Kongernes Feriepark\",\"breadcrumb\":{\"@id\":\"https:\\\/\\\/kongernesferiepark.dk\\\/fr\\\/a-propos-de-nous\\\/#breadcrumb\"},\"inLanguage\":\"fr-FR\",\"potentialAction\":[{\"@type\":\"ReadAction\",\"target\":[\"https:\\\/\\\/kongernesferiepark.dk\\\/fr\\\/a-propos-de-nous\\\/\"]}]},{\"@type\":\"ImageObject\",\"inLanguage\":\"fr-FR\",\"@id\":\"https:\\\/\\\/kongernesferiepark.dk\\\/fr\\\/a-propos-de-nous\\\/#primaryimage\",\"url\":\"https:\\\/\\\/kongernesferiepark.dk\\\/wp-content\\\/uploads\\\/2025\\\/10\\\/krone.svg\",\"contentUrl\":\"https:\\\/\\\/kongernesferiepark.dk\\\/wp-content\\\/uploads\\\/2025\\\/10\\\/krone.svg\"},{\"@type\":\"BreadcrumbList\",\"@id\":\"https:\\\/\\\/kongernesferiepark.dk\\\/fr\\\/a-propos-de-nous\\\/#breadcrumb\",\"itemListElement\":[{\"@type\":\"ListItem\",\"position\":1,\"name\":\"Forside\",\"item\":\"https:\\\/\\\/kongernesferiepark.dk\\\/fr\\\/\"},{\"@type\":\"ListItem\",\"position\":2,\"name\":\"\u00c0 propos de nous\"}]},{\"@type\":\"WebSite\",\"@id\":\"https:\\\/\\\/kongernesferiepark.dk\\\/fr\\\/#website\",\"url\":\"https:\\\/\\\/kongernesferiepark.dk\\\/fr\\\/\",\"name\":\"Kongernes Feriepark\",\"description\":\"Campingplads i natursk\u00f8nne omgivelser\",\"publisher\":{\"@id\":\"https:\\\/\\\/kongernesferiepark.dk\\\/fr\\\/#organization\"},\"potentialAction\":[{\"@type\":\"SearchAction\",\"target\":{\"@type\":\"EntryPoint\",\"urlTemplate\":\"https:\\\/\\\/kongernesferiepark.dk\\\/fr\\\/?s={search_term_string}\"},\"query-input\":{\"@type\":\"PropertyValueSpecification\",\"valueRequired\":true,\"valueName\":\"search_term_string\"}}],\"inLanguage\":\"fr-FR\"},{\"@type\":\"Organization\",\"@id\":\"https:\\\/\\\/kongernesferiepark.dk\\\/fr\\\/#organization\",\"name\":\"Kongernes Feriepark\",\"url\":\"https:\\\/\\\/kongernesferiepark.dk\\\/fr\\\/\",\"logo\":{\"@type\":\"ImageObject\",\"inLanguage\":\"fr-FR\",\"@id\":\"https:\\\/\\\/kongernesferiepark.dk\\\/fr\\\/#\\\/schema\\\/logo\\\/image\\\/\",\"url\":\"https:\\\/\\\/kongernesferiepark.dk\\\/wp-content\\\/uploads\\\/2025\\\/10\\\/logo.svg\",\"contentUrl\":\"https:\\\/\\\/kongernesferiepark.dk\\\/wp-content\\\/uploads\\\/2025\\\/10\\\/logo.svg\",\"width\":614,\"height\":206,\"caption\":\"Kongernes Feriepark\"},\"image\":{\"@id\":\"https:\\\/\\\/kongernesferiepark.dk\\\/fr\\\/#\\\/schema\\\/logo\\\/image\\\/\"}}]}<\/script>\n<!-- \/ Yoast SEO plugin. -->","yoast_head_json":{"title":"\u00c0 propos de nous | Kongernes Feriepark","description":"\u00c0 propos de nous | Kongernes Feriepark","robots":{"index":"index","follow":"follow","max-snippet":"max-snippet:-1","max-image-preview":"max-image-preview:large","max-video-preview":"max-video-preview:-1"},"canonical":"https:\/\/kongernesferiepark.dk\/fr\/a-propos-de-nous\/","og_locale":"fr_FR","og_type":"article","og_title":"\u00c0 propos de nous | Kongernes Feriepark","og_description":"\u00c0 propos de nous | Kongernes Feriepark","og_url":"https:\/\/kongernesferiepark.dk\/fr\/a-propos-de-nous\/","og_site_name":"Kongernes Feriepark","article_modified_time":"2025-12-15T09:46:58+00:00","twitter_card":"summary_large_image","twitter_misc":{"Dur\u00e9e de lecture estim\u00e9e":"2 minutes"},"schema":{"@context":"https:\/\/schema.org","@graph":[{"@type":"WebPage","@id":"https:\/\/kongernesferiepark.dk\/fr\/a-propos-de-nous\/","url":"https:\/\/kongernesferiepark.dk\/fr\/a-propos-de-nous\/","name":"\u00c0 propos de nous | Kongernes Feriepark","isPartOf":{"@id":"https:\/\/kongernesferiepark.dk\/fr\/#website"},"primaryImageOfPage":{"@id":"https:\/\/kongernesferiepark.dk\/fr\/a-propos-de-nous\/#primaryimage"},"image":{"@id":"https:\/\/kongernesferiepark.dk\/fr\/a-propos-de-nous\/#primaryimage"},"thumbnailUrl":"https:\/\/kongernesferiepark.dk\/wp-content\/uploads\/2025\/10\/krone.svg","datePublished":"2025-10-15T11:18:37+00:00","dateModified":"2025-12-15T09:46:58+00:00","description":"\u00c0 propos de nous | Kongernes Feriepark","breadcrumb":{"@id":"https:\/\/kongernesferiepark.dk\/fr\/a-propos-de-nous\/#breadcrumb"},"inLanguage":"fr-FR","potentialAction":[{"@type":"ReadAction","target":["https:\/\/kongernesferiepark.dk\/fr\/a-propos-de-nous\/"]}]},{"@type":"ImageObject","inLanguage":"fr-FR","@id":"https:\/\/kongernesferiepark.dk\/fr\/a-propos-de-nous\/#primaryimage","url":"https:\/\/kongernesferiepark.dk\/wp-content\/uploads\/2025\/10\/krone.svg","contentUrl":"https:\/\/kongernesferiepark.dk\/wp-content\/uploads\/2025\/10\/krone.svg"},{"@type":"BreadcrumbList","@id":"https:\/\/kongernesferiepark.dk\/fr\/a-propos-de-nous\/#breadcrumb","itemListElement":[{"@type":"ListItem","position":1,"name":"Forside","item":"https:\/\/kongernesferiepark.dk\/fr\/"},{"@type":"ListItem","position":2,"name":"\u00c0 propos de nous"}]},{"@type":"WebSite","@id":"https:\/\/kongernesferiepark.dk\/fr\/#website","url":"https:\/\/kongernesferiepark.dk\/fr\/","name":"Kongernes Feriepark","description":"Campingplads i natursk\u00f8nne omgivelser","publisher":{"@id":"https:\/\/kongernesferiepark.dk\/fr\/#organization"},"potentialAction":[{"@type":"SearchAction","target":{"@type":"EntryPoint","urlTemplate":"https:\/\/kongernesferiepark.dk\/fr\/?s={search_term_string}"},"query-input":{"@type":"PropertyValueSpecification","valueRequired":true,"valueName":"search_term_string"}}],"inLanguage":"fr-FR"},{"@type":"Organization","@id":"https:\/\/kongernesferiepark.dk\/fr\/#organization","name":"Kongernes Feriepark","url":"https:\/\/kongernesferiepark.dk\/fr\/","logo":{"@type":"ImageObject","inLanguage":"fr-FR","@id":"https:\/\/kongernesferiepark.dk\/fr\/#\/schema\/logo\/image\/","url":"https:\/\/kongernesferiepark.dk\/wp-content\/uploads\/2025\/10\/logo.svg","contentUrl":"https:\/\/kongernesferiepark.dk\/wp-content\/uploads\/2025\/10\/logo.svg","width":614,"height":206,"caption":"Kongernes Feriepark"},"image":{"@id":"https:\/\/kongernesferiepark.dk\/fr\/#\/schema\/logo\/image\/"}}]}},"_links":{"self":[{"href":"https:\/\/kongernesferiepark.dk\/fr\/wp-json\/wp\/v2\/pages\/13201","targetHints":{"allow":["GET"]}}],"collection":[{"href":"https:\/\/kongernesferiepark.dk\/fr\/wp-json\/wp\/v2\/pages"}],"about":[{"href":"https:\/\/kongernesferiepark.dk\/fr\/wp-json\/wp\/v2\/types\/page"}],"author":[{"embeddable":true,"href":"https:\/\/kongernesferiepark.dk\/fr\/wp-json\/wp\/v2\/users\/1"}],"replies":[{"embeddable":true,"href":"https:\/\/kongernesferiepark.dk\/fr\/wp-json\/wp\/v2\/comments?post=13201"}],"version-history":[{"count":1,"href":"https:\/\/kongernesferiepark.dk\/fr\/wp-json\/wp\/v2\/pages\/13201\/revisions"}],"predecessor-version":[{"id":13204,"href":"https:\/\/kongernesferiepark.dk\/fr\/wp-json\/wp\/v2\/pages\/13201\/revisions\/13204"}],"wp:attachment":[{"href":"https:\/\/kongernesferiepark.dk\/fr\/wp-json\/wp\/v2\/media?parent=13201"}],"wp:term":[{"taxonomy":"category","embeddable":true,"href":"https:\/\/kongernesferiepark.dk\/fr\/wp-json\/wp\/v2\/categories?post=13201"}],"curies":[{"name":"wp","href":"https:\/\/api.w.org\/{rel}","templated":true}]}}