{"id":13289,"date":"2025-10-15T13:19:32","date_gmt":"2025-10-15T11:19:32","guid":{"rendered":"https:\/\/kongernesferiepark.dk\/alojamiento\/apartamentos\/"},"modified":"2025-12-15T10:47:34","modified_gmt":"2025-12-15T09:47:34","slug":"apartamentos","status":"publish","type":"page","link":"https:\/\/kongernesferiepark.dk\/es\/alojamiento\/apartamentos\/","title":{"rendered":"Apartamentos"},"content":{"rendered":"\t\t<div data-elementor-type=\"wp-page\" data-elementor-id=\"13289\" class=\"elementor elementor-13289 elementor-10472\" data-elementor-post-type=\"page\">\n\t\t\t\t<div class=\"elementor-element elementor-element-3ec0d6c white e-flex e-con-boxed e-con e-parent\" data-id=\"3ec0d6c\" data-element_type=\"container\" data-settings=\"{&quot;background_background&quot;:&quot;video&quot;,&quot;background_video_link&quot;:&quot;https:\\\/\\\/gostmediaserviceprod.blob.core.windows.net\\\/asset-8924ae05-b924-4a42-90b5-4a0baa05dd52\\\/hero_1920x1080_6000k.mp4&quot;,&quot;background_play_on_mobile&quot;:&quot;yes&quot;,&quot;shape_divider_bottom&quot;:&quot;triangle&quot;,&quot;shape_divider_bottom_negative&quot;:&quot;yes&quot;}\">\n\t\t\t\t\t<div class=\"e-con-inner\">\n\t\t<div class=\"elementor-background-video-container\" aria-hidden=\"true\">\n\t\t\t\t\t\t\t<video class=\"elementor-background-video-hosted\" autoplay muted playsinline loop><\/video>\n\t\t\t\t\t<\/div>\t\t<div class=\"elementor-shape elementor-shape-bottom\" aria-hidden=\"true\" data-negative=\"true\">\n\t\t\t<svg xmlns=\"http:\/\/www.w3.org\/2000\/svg\" viewBox=\"0 0 1000 100\" preserveAspectRatio=\"none\">\n\t<path class=\"elementor-shape-fill\" d=\"M500.2,94.7L0,0v100h1000V0L500.2,94.7z\"\/>\n<\/svg>\t\t<\/div>\n\t\t<div class=\"elementor-element elementor-element-32eb71e e-con-full e-flex elementor-invisible e-con e-child\" data-id=\"32eb71e\" data-element_type=\"container\" data-settings=\"{&quot;animation&quot;:&quot;fadeInDown&quot;,&quot;animation_mobile&quot;:&quot;none&quot;}\">\n\t\t\t\t<div class=\"elementor-element elementor-element-c817e6a elementor-widget elementor-widget-image\" data-id=\"c817e6a\" data-element_type=\"widget\" data-widget_type=\"image.default\">\n\t\t\t\t<div class=\"elementor-widget-container\">\n\t\t\t\t\t\t\t\t\t\t\t\t\t\t\t<img decoding=\"async\" width=\"80\" height=\"80\" src=\"https:\/\/kongernesferiepark.dk\/wp-content\/uploads\/2025\/10\/krone.svg\" class=\"attachment-full size-full wp-image-12300\" alt=\"\" \/>\t\t\t\t\t\t\t\t\t\t\t\t\t\t\t<\/div>\n\t\t\t\t<\/div>\n\t\t\t\t<div class=\"elementor-element elementor-element-2fb7392 elementor-widget elementor-widget-heading\" data-id=\"2fb7392\" data-element_type=\"widget\" data-widget_type=\"heading.default\">\n\t\t\t\t<div class=\"elementor-widget-container\">\n\t\t\t\t\t<h1 class=\"elementor-heading-title elementor-size-default\">Apartamentos con piscina<\/h1>\t\t\t\t<\/div>\n\t\t\t\t<\/div>\n\t\t\t\t<\/div>\n\t\t\t\t\t<\/div>\n\t\t\t\t<\/div>\n\t\t<div class=\"elementor-element elementor-element-afe9122 e-flex e-con-boxed e-con e-parent\" data-id=\"afe9122\" data-element_type=\"container\">\n\t\t\t\t\t<div class=\"e-con-inner\">\n\t\t<div class=\"elementor-element elementor-element-67d8f5d e-con-full e-flex e-con e-child\" data-id=\"67d8f5d\" data-element_type=\"container\">\n\t\t<div class=\"elementor-element elementor-element-10a68db e-con-full e-flex e-con e-child\" data-id=\"10a68db\" data-element_type=\"container\">\n\t\t\t\t<div class=\"elementor-element elementor-element-c836897 elementor-widget elementor-widget-text-editor\" data-id=\"c836897\" data-element_type=\"widget\" data-widget_type=\"text-editor.default\">\n\t\t\t\t<div class=\"elementor-widget-container\">\n\t\t\t\t\t\t\t\t\t<h2>Nuestros apartamentos son para quienes lo quieren todo.<\/h2><p>Cerca de actividades, gran piscina y restaurante.<\/p><p>Los apartamentos est\u00e1n situados justo al lado de la gran y encantadora piscina, equipados con todas las comodidades y son un hogar lejos del hogar.<\/p><h3>Apartamento de 2 habitaciones para m\u00e1x. 4 personas:<\/h3><p>Nuestros apartamentos situados junto a la piscina est\u00e1n dise\u00f1ados para 4 personas y contienen 2 habitaciones con camas (aprox. 140 x 200 cm), ba\u00f1o privado y WC, y una cocina separada para cocinar de forma ligera con zona de comedor.<\/p><p>El apartamento dispone de edredones y almohadas, mientras que la ropa de cama y las toallas deben traerse.<\/p><p>Cada apartamento dispone de una terraza vallada con vistas a la piscina, mesa y sillas de jard\u00edn. Los apartamentos son ideales para familias que vayan de vacaciones a la playa.<\/p>\t\t\t\t\t\t\t\t<\/div>\n\t\t\t\t<\/div>\n\t\t\t\t<div class=\"elementor-element elementor-element-d90c15f elementor-widget elementor-widget-button\" data-id=\"d90c15f\" data-element_type=\"widget\" data-widget_type=\"button.default\">\n\t\t\t\t<div class=\"elementor-widget-container\">\n\t\t\t\t\t\t\t\t\t<div class=\"elementor-button-wrapper\">\n\t\t\t\t\t<a class=\"elementor-button elementor-button-link elementor-size-sm\" href=\"https:\/\/kongernesferiepark.dk\/es\/precios\/\">\n\t\t\t\t\t\t<span class=\"elementor-button-content-wrapper\">\n\t\t\t\t\t\t\t\t\t<span class=\"elementor-button-text\">Ver precio del apartamento<\/span>\n\t\t\t\t\t<\/span>\n\t\t\t\t\t<\/a>\n\t\t\t\t<\/div>\n\t\t\t\t\t\t\t\t<\/div>\n\t\t\t\t<\/div>\n\t\t\t\t<\/div>\n\t\t<div class=\"elementor-element elementor-element-f258b1d e-con-full e-flex elementor-invisible e-con e-child\" data-id=\"f258b1d\" data-element_type=\"container\" data-settings=\"{&quot;background_background&quot;:&quot;classic&quot;,&quot;animation&quot;:&quot;fadeInRight&quot;,&quot;animation_mobile&quot;:&quot;none&quot;}\">\n\t\t\t\t<\/div>\n\t\t\t\t<\/div>\n\t\t\t\t\t<\/div>\n\t\t\t\t<\/div>\n\t\t<div class=\"elementor-element elementor-element-d883905 light e-flex e-con-boxed e-con e-parent\" data-id=\"d883905\" data-element_type=\"container\">\n\t\t\t\t\t<div class=\"e-con-inner\">\n\t\t\t\t<div class=\"elementor-element elementor-element-35fd389 elementor-widget elementor-widget-gallery\" data-id=\"35fd389\" data-element_type=\"widget\" data-settings=\"{&quot;columns&quot;:5,&quot;aspect_ratio&quot;:&quot;1:1&quot;,&quot;columns_tablet&quot;:3,&quot;columns_mobile&quot;:2,&quot;lazyload&quot;:&quot;yes&quot;,&quot;gallery_layout&quot;:&quot;grid&quot;,&quot;gap&quot;:{&quot;unit&quot;:&quot;px&quot;,&quot;size&quot;:10,&quot;sizes&quot;:[]},&quot;gap_laptop&quot;:{&quot;unit&quot;:&quot;px&quot;,&quot;size&quot;:10,&quot;sizes&quot;:[]},&quot;gap_tablet&quot;:{&quot;unit&quot;:&quot;px&quot;,&quot;size&quot;:10,&quot;sizes&quot;:[]},&quot;gap_mobile&quot;:{&quot;unit&quot;:&quot;px&quot;,&quot;size&quot;:10,&quot;sizes&quot;:[]},&quot;link_to&quot;:&quot;file&quot;,&quot;overlay_background&quot;:&quot;yes&quot;,&quot;content_hover_animation&quot;:&quot;fade-in&quot;}\" data-widget_type=\"gallery.default\">\n\t\t\t\t<div class=\"elementor-widget-container\">\n\t\t\t\t\t\t\t<div class=\"elementor-gallery__container\">\n\t\t\t\t\t\t\t<a class=\"e-gallery-item elementor-gallery-item elementor-animated-content\" href=\"https:\/\/kongernesferiepark.dk\/wp-content\/uploads\/2025\/10\/L-300-1.jpg\" data-elementor-open-lightbox=\"yes\" data-elementor-lightbox-slideshow=\"35fd389\" data-e-action-hash=\"#elementor-action%3Aaction%3Dlightbox%26settings%3DeyJpZCI6MTI2NzEsInVybCI6Imh0dHBzOlwvXC9rb25nZXJuZXNmZXJpZXBhcmsuZGtcL3dwLWNvbnRlbnRcL3VwbG9hZHNcLzIwMjVcLzEwXC9MLTMwMC0xLmpwZyIsInNsaWRlc2hvdyI6IjM1ZmQzODkifQ%3D%3D\" data-rel=\"-image-0\" data-rl_title=\"\" data-rl_caption=\"\" title=\"\">\n\t\t\t\t\t<div class=\"e-gallery-image elementor-gallery-item__image\" data-thumbnail=\"https:\/\/kongernesferiepark.dk\/wp-content\/uploads\/2025\/10\/L-300-1.jpg\" data-width=\"1600\" data-height=\"1067\" aria-label=\"\" role=\"img\" ><\/div>\n\t\t\t\t\t\t\t\t\t\t\t<div class=\"elementor-gallery-item__overlay\"><\/div>\n\t\t\t\t\t\t\t\t\t\t\t\t\t\t<\/a>\n\t\t\t\t\t\t\t<a class=\"e-gallery-item elementor-gallery-item elementor-animated-content\" href=\"https:\/\/kongernesferiepark.dk\/wp-content\/uploads\/2025\/10\/L-302-allrum-1.jpg\" data-elementor-open-lightbox=\"yes\" data-elementor-lightbox-slideshow=\"35fd389\" data-e-action-hash=\"#elementor-action%3Aaction%3Dlightbox%26settings%3DeyJpZCI6MTI2NzgsInVybCI6Imh0dHBzOlwvXC9rb25nZXJuZXNmZXJpZXBhcmsuZGtcL3dwLWNvbnRlbnRcL3VwbG9hZHNcLzIwMjVcLzEwXC9MLTMwMi1hbGxydW0tMS5qcGciLCJzbGlkZXNob3ciOiIzNWZkMzg5In0%3D\" data-rel=\"-image-1\" data-rl_title=\"\" data-rl_caption=\"\" title=\"\">\n\t\t\t\t\t<div class=\"e-gallery-image elementor-gallery-item__image\" data-thumbnail=\"https:\/\/kongernesferiepark.dk\/wp-content\/uploads\/2025\/10\/L-302-allrum-1.jpg\" data-width=\"1600\" data-height=\"1067\" aria-label=\"\" role=\"img\" ><\/div>\n\t\t\t\t\t\t\t\t\t\t\t<div class=\"elementor-gallery-item__overlay\"><\/div>\n\t\t\t\t\t\t\t\t\t\t\t\t\t\t<\/a>\n\t\t\t\t\t\t\t<a class=\"e-gallery-item elementor-gallery-item elementor-animated-content\" href=\"https:\/\/kongernesferiepark.dk\/wp-content\/uploads\/2025\/10\/L-302-vaer-1.jpg\" data-elementor-open-lightbox=\"yes\" data-elementor-lightbox-slideshow=\"35fd389\" data-e-action-hash=\"#elementor-action%3Aaction%3Dlightbox%26settings%3DeyJpZCI6MTI2ODUsInVybCI6Imh0dHBzOlwvXC9rb25nZXJuZXNmZXJpZXBhcmsuZGtcL3dwLWNvbnRlbnRcL3VwbG9hZHNcLzIwMjVcLzEwXC9MLTMwMi12YWVyLTEuanBnIiwic2xpZGVzaG93IjoiMzVmZDM4OSJ9\" data-rel=\"-image-2\" data-rl_title=\"\" data-rl_caption=\"\" title=\"\">\n\t\t\t\t\t<div class=\"e-gallery-image elementor-gallery-item__image\" data-thumbnail=\"https:\/\/kongernesferiepark.dk\/wp-content\/uploads\/2025\/10\/L-302-vaer-1.jpg\" data-width=\"1600\" data-height=\"1067\" aria-label=\"\" role=\"img\" ><\/div>\n\t\t\t\t\t\t\t\t\t\t\t<div class=\"elementor-gallery-item__overlay\"><\/div>\n\t\t\t\t\t\t\t\t\t\t\t\t\t\t<\/a>\n\t\t\t\t\t\t\t<a class=\"e-gallery-item elementor-gallery-item elementor-animated-content\" href=\"https:\/\/kongernesferiepark.dk\/wp-content\/uploads\/2025\/10\/L-301-vaer-1.jpg\" data-elementor-open-lightbox=\"yes\" data-elementor-lightbox-slideshow=\"35fd389\" data-e-action-hash=\"#elementor-action%3Aaction%3Dlightbox%26settings%3DeyJpZCI6MTI2OTIsInVybCI6Imh0dHBzOlwvXC9rb25nZXJuZXNmZXJpZXBhcmsuZGtcL3dwLWNvbnRlbnRcL3VwbG9hZHNcLzIwMjVcLzEwXC9MLTMwMS12YWVyLTEuanBnIiwic2xpZGVzaG93IjoiMzVmZDM4OSJ9\" data-rel=\"-image-3\" data-rl_title=\"\" data-rl_caption=\"\" title=\"\">\n\t\t\t\t\t<div class=\"e-gallery-image elementor-gallery-item__image\" data-thumbnail=\"https:\/\/kongernesferiepark.dk\/wp-content\/uploads\/2025\/10\/L-301-vaer-1.jpg\" data-width=\"1600\" data-height=\"1067\" aria-label=\"\" role=\"img\" ><\/div>\n\t\t\t\t\t\t\t\t\t\t\t<div class=\"elementor-gallery-item__overlay\"><\/div>\n\t\t\t\t\t\t\t\t\t\t\t\t\t\t<\/a>\n\t\t\t\t\t\t\t<a class=\"e-gallery-item elementor-gallery-item elementor-animated-content\" href=\"https:\/\/kongernesferiepark.dk\/wp-content\/uploads\/2025\/10\/L-300-toilet-1.jpg\" data-elementor-open-lightbox=\"yes\" data-elementor-lightbox-slideshow=\"35fd389\" data-e-action-hash=\"#elementor-action%3Aaction%3Dlightbox%26settings%3DeyJpZCI6MTI2OTksInVybCI6Imh0dHBzOlwvXC9rb25nZXJuZXNmZXJpZXBhcmsuZGtcL3dwLWNvbnRlbnRcL3VwbG9hZHNcLzIwMjVcLzEwXC9MLTMwMC10b2lsZXQtMS5qcGciLCJzbGlkZXNob3ciOiIzNWZkMzg5In0%3D\" data-rel=\"-image-4\" data-rl_title=\"\" data-rl_caption=\"\" title=\"\">\n\t\t\t\t\t<div class=\"e-gallery-image elementor-gallery-item__image\" data-thumbnail=\"https:\/\/kongernesferiepark.dk\/wp-content\/uploads\/2025\/10\/L-300-toilet-1.jpg\" data-width=\"1600\" data-height=\"1067\" aria-label=\"\" role=\"img\" ><\/div>\n\t\t\t\t\t\t\t\t\t\t\t<div class=\"elementor-gallery-item__overlay\"><\/div>\n\t\t\t\t\t\t\t\t\t\t\t\t\t\t<\/a>\n\t\t\t\t\t<\/div>\n\t\t\t\t\t<\/div>\n\t\t\t\t<\/div>\n\t\t\t\t\t<\/div>\n\t\t\t\t<\/div>\n\t\t<div class=\"elementor-element elementor-element-744e3a6 e-con-full e-flex e-con e-parent\" data-id=\"744e3a6\" data-element_type=\"container\">\n\t\t\t\t<div class=\"elementor-element elementor-element-b58bd5f elementor-widget elementor-widget-template\" data-id=\"b58bd5f\" data-element_type=\"widget\" data-widget_type=\"template.default\">\n\t\t\t\t<div class=\"elementor-widget-container\">\n\t\t\t\t\t\t\t<div class=\"elementor-template\">\n\t\t\t\t\t<div data-elementor-type=\"container\" data-elementor-id=\"13501\" class=\"elementor elementor-13501 elementor-10411\" data-elementor-post-type=\"elementor_library\">\n\t\t\t\t<div class=\"elementor-element elementor-element-b01ab3c white e-con-full e-flex e-con e-parent\" data-id=\"b01ab3c\" data-element_type=\"container\" data-settings=\"{&quot;background_background&quot;:&quot;classic&quot;,&quot;background_motion_fx_motion_fx_scrolling&quot;:&quot;yes&quot;,&quot;background_motion_fx_translateY_effect&quot;:&quot;yes&quot;,&quot;background_motion_fx_translateY_speed&quot;:{&quot;unit&quot;:&quot;px&quot;,&quot;size&quot;:5,&quot;sizes&quot;:[]},&quot;background_motion_fx_translateY_affectedRange&quot;:{&quot;unit&quot;:&quot;%&quot;,&quot;size&quot;:&quot;&quot;,&quot;sizes&quot;:{&quot;start&quot;:0,&quot;end&quot;:100}},&quot;background_motion_fx_devices&quot;:[&quot;desktop&quot;,&quot;laptop&quot;,&quot;tablet&quot;,&quot;mobile&quot;]}\">\n\t\t<div class=\"elementor-element elementor-element-40b4ae8f e-con-full e-flex e-con e-child\" data-id=\"40b4ae8f\" data-element_type=\"container\">\n\t\t\t\t<div class=\"elementor-element elementor-element-100a64e elementor-widget elementor-widget-image\" data-id=\"100a64e\" data-element_type=\"widget\" data-widget_type=\"image.default\">\n\t\t\t\t<div class=\"elementor-widget-container\">\n\t\t\t\t\t\t\t\t\t\t\t\t\t\t\t<img decoding=\"async\" width=\"123\" height=\"206\" src=\"https:\/\/kongernesferiepark.dk\/wp-content\/uploads\/2025\/10\/logo-icon.svg\" class=\"attachment-full size-full wp-image-11551\" alt=\"\" \/>\t\t\t\t\t\t\t\t\t\t\t\t\t\t\t<\/div>\n\t\t\t\t<\/div>\n\t\t\t\t<div class=\"elementor-element elementor-element-4a35733e elementor-widget elementor-widget-text-editor\" data-id=\"4a35733e\" data-element_type=\"widget\" data-widget_type=\"text-editor.default\">\n\t\t\t\t<div class=\"elementor-widget-container\">\n\t\t\t\t\t\t\t\t\t<h2>Reserva tus vacaciones o evento con nosotros<\/h2><p>\u00bfDesea unas vacaciones acogedoras y experiencias inolvidables, o busca un lugar para reunirse con familiares, amigos o colegas? Kongernes Feriepark es la opci\u00f3n ideal. Esperamos darle la bienvenida y crear el ambiente perfecto para todo, desde un fin de semana tranquilo hasta un divertido evento empresarial.  <\/p><p>Cont\u00e1ctanos hoy para reservar o obtener m\u00e1s informaci\u00f3n. Puedes llamarnos al<a href=\"tel:48318448\" aria-label=\"Telefon nummer\">48 31 84 48<\/a> o escr\u00edbanos a   <a href=\"mailto:info@kongernesferiepark.dk\" aria-label=\"Email adresse\">info@kongernesferiepark.dk<\/a><\/p><p>Nos vemos en el camping. Vuestros anfitriones, la familia Lundsh\u00f8j.<\/p>\t\t\t\t\t\t\t\t<\/div>\n\t\t\t\t<\/div>\n\t\t\t\t<\/div>\n\t\t\t\t<\/div>\n\t\t\t\t<\/div>\n\t\t\t\t<\/div>\n\t\t\t\t\t\t<\/div>\n\t\t\t\t<\/div>\n\t\t\t\t<\/div>\n\t\t\t\t<\/div>\n\t\t","protected":false},"excerpt":{"rendered":"<p>Apartamentos con piscina Nuestros apartamentos son para quienes lo quieren todo. Cerca de actividades, gran piscina y restaurante. Los apartamentos est\u00e1n situados justo al lado de la gran y encantadora piscina, equipados con todas las comodidades y son un hogar lejos del hogar. Apartamento de 2 habitaciones para m\u00e1x. 4 personas: Nuestros apartamentos situados junto &#8230; <a title=\"Apartamentos\" class=\"read-more\" href=\"https:\/\/kongernesferiepark.dk\/es\/alojamiento\/apartamentos\/\" aria-label=\"Leer m\u00e1s sobre Apartamentos\">Leer m\u00e1s<\/a><\/p>\n","protected":false},"author":1,"featured_media":0,"parent":13241,"menu_order":0,"comment_status":"closed","ping_status":"closed","template":"","meta":{"_acf_changed":false,"footnotes":""},"categories":[],"class_list":["post-13289","page","type-page","status-publish"],"acf":[],"yoast_head":"<!-- This site is optimized with the Yoast SEO plugin v27.3 - https:\/\/yoast.com\/product\/yoast-seo-wordpress\/ -->\n<title>apartamentos | Parque de vacaciones Kongernes<\/title>\n<meta name=\"description\" content=\"apartamentos | Parque de vacaciones Kongernes\" \/>\n<meta name=\"robots\" content=\"index, follow, max-snippet:-1, max-image-preview:large, max-video-preview:-1\" \/>\n<link rel=\"canonical\" href=\"https:\/\/kongernesferiepark.dk\/es\/alojamiento\/apartamentos\/\" \/>\n<meta property=\"og:locale\" content=\"es_ES\" \/>\n<meta property=\"og:type\" content=\"article\" \/>\n<meta property=\"og:title\" content=\"apartamentos | Parque de vacaciones Kongernes\" \/>\n<meta property=\"og:description\" content=\"apartamentos | Parque de vacaciones Kongernes\" \/>\n<meta property=\"og:url\" content=\"https:\/\/kongernesferiepark.dk\/es\/alojamiento\/apartamentos\/\" \/>\n<meta property=\"og:site_name\" content=\"Kongernes Feriepark\" \/>\n<meta property=\"article:modified_time\" content=\"2025-12-15T09:47:34+00:00\" \/>\n<meta name=\"twitter:card\" content=\"summary_large_image\" \/>\n<meta name=\"twitter:label1\" content=\"Tiempo de lectura\" \/>\n\t<meta name=\"twitter:data1\" content=\"1 minuto\" \/>\n<script type=\"application\/ld+json\" class=\"yoast-schema-graph\">{\"@context\":\"https:\\\/\\\/schema.org\",\"@graph\":[{\"@type\":\"WebPage\",\"@id\":\"https:\\\/\\\/kongernesferiepark.dk\\\/es\\\/alojamiento\\\/apartamentos\\\/\",\"url\":\"https:\\\/\\\/kongernesferiepark.dk\\\/es\\\/alojamiento\\\/apartamentos\\\/\",\"name\":\"apartamentos | Parque de vacaciones Kongernes\",\"isPartOf\":{\"@id\":\"https:\\\/\\\/kongernesferiepark.dk\\\/es\\\/#website\"},\"primaryImageOfPage\":{\"@id\":\"https:\\\/\\\/kongernesferiepark.dk\\\/es\\\/alojamiento\\\/apartamentos\\\/#primaryimage\"},\"image\":{\"@id\":\"https:\\\/\\\/kongernesferiepark.dk\\\/es\\\/alojamiento\\\/apartamentos\\\/#primaryimage\"},\"thumbnailUrl\":\"https:\\\/\\\/kongernesferiepark.dk\\\/wp-content\\\/uploads\\\/2025\\\/10\\\/krone.svg\",\"datePublished\":\"2025-10-15T11:19:32+00:00\",\"dateModified\":\"2025-12-15T09:47:34+00:00\",\"description\":\"apartamentos | Parque de vacaciones Kongernes\",\"breadcrumb\":{\"@id\":\"https:\\\/\\\/kongernesferiepark.dk\\\/es\\\/alojamiento\\\/apartamentos\\\/#breadcrumb\"},\"inLanguage\":\"es\",\"potentialAction\":[{\"@type\":\"ReadAction\",\"target\":[\"https:\\\/\\\/kongernesferiepark.dk\\\/es\\\/alojamiento\\\/apartamentos\\\/\"]}]},{\"@type\":\"ImageObject\",\"inLanguage\":\"es\",\"@id\":\"https:\\\/\\\/kongernesferiepark.dk\\\/es\\\/alojamiento\\\/apartamentos\\\/#primaryimage\",\"url\":\"https:\\\/\\\/kongernesferiepark.dk\\\/wp-content\\\/uploads\\\/2025\\\/10\\\/krone.svg\",\"contentUrl\":\"https:\\\/\\\/kongernesferiepark.dk\\\/wp-content\\\/uploads\\\/2025\\\/10\\\/krone.svg\"},{\"@type\":\"BreadcrumbList\",\"@id\":\"https:\\\/\\\/kongernesferiepark.dk\\\/es\\\/alojamiento\\\/apartamentos\\\/#breadcrumb\",\"itemListElement\":[{\"@type\":\"ListItem\",\"position\":1,\"name\":\"Forside\",\"item\":\"https:\\\/\\\/kongernesferiepark.dk\\\/es\\\/\"},{\"@type\":\"ListItem\",\"position\":2,\"name\":\"Alojamiento\",\"item\":\"https:\\\/\\\/kongernesferiepark.dk\\\/es\\\/alojamiento\\\/\"},{\"@type\":\"ListItem\",\"position\":3,\"name\":\"Apartamentos\"}]},{\"@type\":\"WebSite\",\"@id\":\"https:\\\/\\\/kongernesferiepark.dk\\\/es\\\/#website\",\"url\":\"https:\\\/\\\/kongernesferiepark.dk\\\/es\\\/\",\"name\":\"Kongernes Feriepark\",\"description\":\"Campingplads i natursk\u00f8nne omgivelser\",\"publisher\":{\"@id\":\"https:\\\/\\\/kongernesferiepark.dk\\\/es\\\/#organization\"},\"potentialAction\":[{\"@type\":\"SearchAction\",\"target\":{\"@type\":\"EntryPoint\",\"urlTemplate\":\"https:\\\/\\\/kongernesferiepark.dk\\\/es\\\/?s={search_term_string}\"},\"query-input\":{\"@type\":\"PropertyValueSpecification\",\"valueRequired\":true,\"valueName\":\"search_term_string\"}}],\"inLanguage\":\"es\"},{\"@type\":\"Organization\",\"@id\":\"https:\\\/\\\/kongernesferiepark.dk\\\/es\\\/#organization\",\"name\":\"Kongernes Feriepark\",\"url\":\"https:\\\/\\\/kongernesferiepark.dk\\\/es\\\/\",\"logo\":{\"@type\":\"ImageObject\",\"inLanguage\":\"es\",\"@id\":\"https:\\\/\\\/kongernesferiepark.dk\\\/es\\\/#\\\/schema\\\/logo\\\/image\\\/\",\"url\":\"https:\\\/\\\/kongernesferiepark.dk\\\/wp-content\\\/uploads\\\/2025\\\/10\\\/logo.svg\",\"contentUrl\":\"https:\\\/\\\/kongernesferiepark.dk\\\/wp-content\\\/uploads\\\/2025\\\/10\\\/logo.svg\",\"width\":614,\"height\":206,\"caption\":\"Kongernes Feriepark\"},\"image\":{\"@id\":\"https:\\\/\\\/kongernesferiepark.dk\\\/es\\\/#\\\/schema\\\/logo\\\/image\\\/\"}}]}<\/script>\n<!-- \/ Yoast SEO plugin. -->","yoast_head_json":{"title":"apartamentos | Parque de vacaciones Kongernes","description":"apartamentos | Parque de vacaciones Kongernes","robots":{"index":"index","follow":"follow","max-snippet":"max-snippet:-1","max-image-preview":"max-image-preview:large","max-video-preview":"max-video-preview:-1"},"canonical":"https:\/\/kongernesferiepark.dk\/es\/alojamiento\/apartamentos\/","og_locale":"es_ES","og_type":"article","og_title":"apartamentos | Parque de vacaciones Kongernes","og_description":"apartamentos | Parque de vacaciones Kongernes","og_url":"https:\/\/kongernesferiepark.dk\/es\/alojamiento\/apartamentos\/","og_site_name":"Kongernes Feriepark","article_modified_time":"2025-12-15T09:47:34+00:00","twitter_card":"summary_large_image","twitter_misc":{"Tiempo de lectura":"1 minuto"},"schema":{"@context":"https:\/\/schema.org","@graph":[{"@type":"WebPage","@id":"https:\/\/kongernesferiepark.dk\/es\/alojamiento\/apartamentos\/","url":"https:\/\/kongernesferiepark.dk\/es\/alojamiento\/apartamentos\/","name":"apartamentos | Parque de vacaciones Kongernes","isPartOf":{"@id":"https:\/\/kongernesferiepark.dk\/es\/#website"},"primaryImageOfPage":{"@id":"https:\/\/kongernesferiepark.dk\/es\/alojamiento\/apartamentos\/#primaryimage"},"image":{"@id":"https:\/\/kongernesferiepark.dk\/es\/alojamiento\/apartamentos\/#primaryimage"},"thumbnailUrl":"https:\/\/kongernesferiepark.dk\/wp-content\/uploads\/2025\/10\/krone.svg","datePublished":"2025-10-15T11:19:32+00:00","dateModified":"2025-12-15T09:47:34+00:00","description":"apartamentos | Parque de vacaciones Kongernes","breadcrumb":{"@id":"https:\/\/kongernesferiepark.dk\/es\/alojamiento\/apartamentos\/#breadcrumb"},"inLanguage":"es","potentialAction":[{"@type":"ReadAction","target":["https:\/\/kongernesferiepark.dk\/es\/alojamiento\/apartamentos\/"]}]},{"@type":"ImageObject","inLanguage":"es","@id":"https:\/\/kongernesferiepark.dk\/es\/alojamiento\/apartamentos\/#primaryimage","url":"https:\/\/kongernesferiepark.dk\/wp-content\/uploads\/2025\/10\/krone.svg","contentUrl":"https:\/\/kongernesferiepark.dk\/wp-content\/uploads\/2025\/10\/krone.svg"},{"@type":"BreadcrumbList","@id":"https:\/\/kongernesferiepark.dk\/es\/alojamiento\/apartamentos\/#breadcrumb","itemListElement":[{"@type":"ListItem","position":1,"name":"Forside","item":"https:\/\/kongernesferiepark.dk\/es\/"},{"@type":"ListItem","position":2,"name":"Alojamiento","item":"https:\/\/kongernesferiepark.dk\/es\/alojamiento\/"},{"@type":"ListItem","position":3,"name":"Apartamentos"}]},{"@type":"WebSite","@id":"https:\/\/kongernesferiepark.dk\/es\/#website","url":"https:\/\/kongernesferiepark.dk\/es\/","name":"Kongernes Feriepark","description":"Campingplads i natursk\u00f8nne omgivelser","publisher":{"@id":"https:\/\/kongernesferiepark.dk\/es\/#organization"},"potentialAction":[{"@type":"SearchAction","target":{"@type":"EntryPoint","urlTemplate":"https:\/\/kongernesferiepark.dk\/es\/?s={search_term_string}"},"query-input":{"@type":"PropertyValueSpecification","valueRequired":true,"valueName":"search_term_string"}}],"inLanguage":"es"},{"@type":"Organization","@id":"https:\/\/kongernesferiepark.dk\/es\/#organization","name":"Kongernes Feriepark","url":"https:\/\/kongernesferiepark.dk\/es\/","logo":{"@type":"ImageObject","inLanguage":"es","@id":"https:\/\/kongernesferiepark.dk\/es\/#\/schema\/logo\/image\/","url":"https:\/\/kongernesferiepark.dk\/wp-content\/uploads\/2025\/10\/logo.svg","contentUrl":"https:\/\/kongernesferiepark.dk\/wp-content\/uploads\/2025\/10\/logo.svg","width":614,"height":206,"caption":"Kongernes Feriepark"},"image":{"@id":"https:\/\/kongernesferiepark.dk\/es\/#\/schema\/logo\/image\/"}}]}},"_links":{"self":[{"href":"https:\/\/kongernesferiepark.dk\/es\/wp-json\/wp\/v2\/pages\/13289","targetHints":{"allow":["GET"]}}],"collection":[{"href":"https:\/\/kongernesferiepark.dk\/es\/wp-json\/wp\/v2\/pages"}],"about":[{"href":"https:\/\/kongernesferiepark.dk\/es\/wp-json\/wp\/v2\/types\/page"}],"author":[{"embeddable":true,"href":"https:\/\/kongernesferiepark.dk\/es\/wp-json\/wp\/v2\/users\/1"}],"replies":[{"embeddable":true,"href":"https:\/\/kongernesferiepark.dk\/es\/wp-json\/wp\/v2\/comments?post=13289"}],"version-history":[{"count":1,"href":"https:\/\/kongernesferiepark.dk\/es\/wp-json\/wp\/v2\/pages\/13289\/revisions"}],"predecessor-version":[{"id":13293,"href":"https:\/\/kongernesferiepark.dk\/es\/wp-json\/wp\/v2\/pages\/13289\/revisions\/13293"}],"up":[{"embeddable":true,"href":"https:\/\/kongernesferiepark.dk\/es\/wp-json\/wp\/v2\/pages\/13241"}],"wp:attachment":[{"href":"https:\/\/kongernesferiepark.dk\/es\/wp-json\/wp\/v2\/media?parent=13289"}],"wp:term":[{"taxonomy":"category","embeddable":true,"href":"https:\/\/kongernesferiepark.dk\/es\/wp-json\/wp\/v2\/categories?post=13289"}],"curies":[{"name":"wp","href":"https:\/\/api.w.org\/{rel}","templated":true}]}}