{"id":13519,"date":"2025-10-16T12:45:37","date_gmt":"2025-10-16T10:45:37","guid":{"rendered":"https:\/\/kongernesferiepark.dk\/angebote\/rabatt-fuer-dcu-mitglieder\/"},"modified":"2025-12-15T11:03:51","modified_gmt":"2025-12-15T10:03:51","slug":"rabatt-fuer-dcu-mitglieder","status":"publish","type":"page","link":"https:\/\/kongernesferiepark.dk\/de\/angebote\/rabatt-fuer-dcu-mitglieder\/","title":{"rendered":"Rabatt f\u00fcr DCU-Mitglieder"},"content":{"rendered":"\t\t<div data-elementor-type=\"wp-page\" data-elementor-id=\"13519\" class=\"elementor elementor-13519 elementor-10766\" data-elementor-post-type=\"page\">\n\t\t\t\t<div class=\"elementor-element elementor-element-3ec0d6c white e-flex e-con-boxed e-con e-parent\" data-id=\"3ec0d6c\" data-element_type=\"container\" data-settings=\"{&quot;background_background&quot;:&quot;video&quot;,&quot;background_video_link&quot;:&quot;https:\\\/\\\/gostmediaserviceprod.blob.core.windows.net\\\/asset-8924ae05-b924-4a42-90b5-4a0baa05dd52\\\/hero_1920x1080_6000k.mp4&quot;,&quot;background_play_on_mobile&quot;:&quot;yes&quot;,&quot;shape_divider_bottom&quot;:&quot;triangle&quot;,&quot;shape_divider_bottom_negative&quot;:&quot;yes&quot;}\">\n\t\t\t\t\t<div class=\"e-con-inner\">\n\t\t<div class=\"elementor-background-video-container\" aria-hidden=\"true\">\n\t\t\t\t\t\t\t<video class=\"elementor-background-video-hosted\" autoplay muted playsinline loop><\/video>\n\t\t\t\t\t<\/div>\t\t<div class=\"elementor-shape elementor-shape-bottom\" aria-hidden=\"true\" data-negative=\"true\">\n\t\t\t<svg xmlns=\"http:\/\/www.w3.org\/2000\/svg\" viewBox=\"0 0 1000 100\" preserveAspectRatio=\"none\">\n\t<path class=\"elementor-shape-fill\" d=\"M500.2,94.7L0,0v100h1000V0L500.2,94.7z\"\/>\n<\/svg>\t\t<\/div>\n\t\t<div class=\"elementor-element elementor-element-32eb71e e-con-full e-flex elementor-invisible e-con e-child\" data-id=\"32eb71e\" data-element_type=\"container\" data-settings=\"{&quot;animation&quot;:&quot;fadeInDown&quot;,&quot;animation_mobile&quot;:&quot;none&quot;}\">\n\t\t\t\t<div class=\"elementor-element elementor-element-c817e6a elementor-widget elementor-widget-image\" data-id=\"c817e6a\" data-element_type=\"widget\" data-widget_type=\"image.default\">\n\t\t\t\t<div class=\"elementor-widget-container\">\n\t\t\t\t\t\t\t\t\t\t\t\t\t\t\t<img decoding=\"async\" width=\"80\" height=\"80\" src=\"https:\/\/kongernesferiepark.dk\/wp-content\/uploads\/2025\/10\/krone.svg\" class=\"attachment-full size-full wp-image-12298\" alt=\"\" \/>\t\t\t\t\t\t\t\t\t\t\t\t\t\t\t<\/div>\n\t\t\t\t<\/div>\n\t\t\t\t<div class=\"elementor-element elementor-element-2fb7392 elementor-widget elementor-widget-heading\" data-id=\"2fb7392\" data-element_type=\"widget\" data-widget_type=\"heading.default\">\n\t\t\t\t<div class=\"elementor-widget-container\">\n\t\t\t\t\t<h1 class=\"elementor-heading-title elementor-size-default\">Rabatt f\u00fcr DCU-Mitglieder<\/h1>\t\t\t\t<\/div>\n\t\t\t\t<\/div>\n\t\t\t\t<\/div>\n\t\t\t\t\t<\/div>\n\t\t\t\t<\/div>\n\t\t<div class=\"elementor-element elementor-element-afe9122 e-flex e-con-boxed e-con e-parent\" data-id=\"afe9122\" data-element_type=\"container\">\n\t\t\t\t\t<div class=\"e-con-inner\">\n\t\t<div class=\"elementor-element elementor-element-67d8f5d e-con-full e-flex e-con e-child\" data-id=\"67d8f5d\" data-element_type=\"container\">\n\t\t<div class=\"elementor-element elementor-element-10a68db e-con-full e-flex e-con e-child\" data-id=\"10a68db\" data-element_type=\"container\">\n\t\t\t\t<div class=\"elementor-element elementor-element-8c7b9fb elementor-widget elementor-widget-image\" data-id=\"8c7b9fb\" data-element_type=\"widget\" data-widget_type=\"image.default\">\n\t\t\t\t<div class=\"elementor-widget-container\">\n\t\t\t\t\t\t\t\t\t\t\t\t\t\t\t<img fetchpriority=\"high\" decoding=\"async\" width=\"1131\" height=\"1094\" src=\"https:\/\/kongernesferiepark.dk\/wp-content\/uploads\/2025\/10\/dcu_logo_upayoff_0.jpg\" class=\"attachment-full size-full wp-image-12963\" alt=\"\" srcset=\"https:\/\/kongernesferiepark.dk\/wp-content\/uploads\/2025\/10\/dcu_logo_upayoff_0.jpg 1131w, https:\/\/kongernesferiepark.dk\/wp-content\/uploads\/2025\/10\/dcu_logo_upayoff_0-500x484.jpg 500w, https:\/\/kongernesferiepark.dk\/wp-content\/uploads\/2025\/10\/dcu_logo_upayoff_0-1000x967.jpg 1000w, https:\/\/kongernesferiepark.dk\/wp-content\/uploads\/2025\/10\/dcu_logo_upayoff_0-768x743.jpg 768w\" sizes=\"(max-width: 1131px) 100vw, 1131px\" \/>\t\t\t\t\t\t\t\t\t\t\t\t\t\t\t<\/div>\n\t\t\t\t<\/div>\n\t\t\t\t<div class=\"elementor-element elementor-element-c836897 elementor-widget elementor-widget-text-editor\" data-id=\"c836897\" data-element_type=\"widget\" data-widget_type=\"text-editor.default\">\n\t\t\t\t<div class=\"elementor-widget-container\">\n\t\t\t\t\t\t\t\t\t<h2>Gro\u00dfer Rabatt f\u00fcr DCU-Mitglieder<\/h2><p>Werden Sie Mitglied der DCU \u2013 Danish Camping Union und sparen Sie viel Geld bei der Unterkunft\u2026<\/p><h2>Hier k\u00f6nnen Sie eine DCU-Mitgliedschaft erwerben.<\/h2><p>DCU-Mitglieder k\u00f6nnen ihre Rabatte und Vorteile im Kongernes Feriepark nutzen. Wir sind ein DCU-Partner, daher k\u00f6nnen Sie mit Ihrer Mitgliedschaft bei Ihrem Aufenthalt bei uns viel Geld sparen. <\/p><p>Wenn Sie bereits Mitglied sind, geben Sie bitte bei Ihrer Bestellung Ihre Mitgliedsnummer an, um Ihre Vorteile nutzen zu k\u00f6nnen. Sie k\u00f6nnen auch hier \u00fcber den Button eine DCU-Mitgliedschaft erwerben \u2013 ganz einfach \u2013 und sofort viel Geld sparen\u2026 <\/p>\t\t\t\t\t\t\t\t<\/div>\n\t\t\t\t<\/div>\n\t\t\t\t<div class=\"elementor-element elementor-element-d5a7901 elementor-widget elementor-widget-button\" data-id=\"d5a7901\" data-element_type=\"widget\" data-widget_type=\"button.default\">\n\t\t\t\t<div class=\"elementor-widget-container\">\n\t\t\t\t\t\t\t\t\t<div class=\"elementor-button-wrapper\">\n\t\t\t\t\t<a class=\"elementor-button elementor-button-link elementor-size-sm\" href=\"https:\/\/www.dcu.dk\/koeb-dcu-medlemskab-paa-kongernes-feriepark\" target=\"_blank\">\n\t\t\t\t\t\t<span class=\"elementor-button-content-wrapper\">\n\t\t\t\t\t\t\t\t\t<span class=\"elementor-button-text\">Hier der DCU beitreten<\/span>\n\t\t\t\t\t<\/span>\n\t\t\t\t\t<\/a>\n\t\t\t\t<\/div>\n\t\t\t\t\t\t\t\t<\/div>\n\t\t\t\t<\/div>\n\t\t\t\t<div class=\"elementor-element elementor-element-5bd07c7 elementor-widget elementor-widget-text-editor\" data-id=\"5bd07c7\" data-element_type=\"widget\" data-widget_type=\"text-editor.default\">\n\t\t\t\t<div class=\"elementor-widget-container\">\n\t\t\t\t\t\t\t\t\t<p>Bitte beachten Sie, dass Rabatte \u00fcber DCU nicht mit anderen Rabatten kombiniert werden k\u00f6nnen und nicht f\u00fcr Dauermieter (regul\u00e4re Bewohner) gelten.<\/p>\t\t\t\t\t\t\t\t<\/div>\n\t\t\t\t<\/div>\n\t\t\t\t<\/div>\n\t\t<div class=\"elementor-element elementor-element-f258b1d e-con-full e-flex elementor-invisible e-con e-child\" data-id=\"f258b1d\" data-element_type=\"container\" data-settings=\"{&quot;background_background&quot;:&quot;classic&quot;,&quot;animation&quot;:&quot;fadeInRight&quot;,&quot;animation_mobile&quot;:&quot;none&quot;}\">\n\t\t\t\t<\/div>\n\t\t\t\t<\/div>\n\t\t\t\t\t<\/div>\n\t\t\t\t<\/div>\n\t\t<div class=\"elementor-element elementor-element-744e3a6 e-con-full e-flex e-con e-parent\" data-id=\"744e3a6\" data-element_type=\"container\">\n\t\t\t\t<div class=\"elementor-element elementor-element-b58bd5f elementor-widget elementor-widget-template\" data-id=\"b58bd5f\" data-element_type=\"widget\" data-widget_type=\"template.default\">\n\t\t\t\t<div class=\"elementor-widget-container\">\n\t\t\t\t\t\t\t<div class=\"elementor-template\">\n\t\t\t\t\t<div data-elementor-type=\"container\" data-elementor-id=\"13510\" class=\"elementor elementor-13510 elementor-10411\" data-elementor-post-type=\"elementor_library\">\n\t\t\t\t<div class=\"elementor-element elementor-element-b01ab3c white e-con-full e-flex e-con e-parent\" data-id=\"b01ab3c\" data-element_type=\"container\" data-settings=\"{&quot;background_background&quot;:&quot;classic&quot;,&quot;background_motion_fx_motion_fx_scrolling&quot;:&quot;yes&quot;,&quot;background_motion_fx_translateY_effect&quot;:&quot;yes&quot;,&quot;background_motion_fx_translateY_speed&quot;:{&quot;unit&quot;:&quot;px&quot;,&quot;size&quot;:5,&quot;sizes&quot;:[]},&quot;background_motion_fx_translateY_affectedRange&quot;:{&quot;unit&quot;:&quot;%&quot;,&quot;size&quot;:&quot;&quot;,&quot;sizes&quot;:{&quot;start&quot;:0,&quot;end&quot;:100}},&quot;background_motion_fx_devices&quot;:[&quot;desktop&quot;,&quot;laptop&quot;,&quot;tablet&quot;,&quot;mobile&quot;]}\">\n\t\t<div class=\"elementor-element elementor-element-40b4ae8f e-con-full e-flex e-con e-child\" data-id=\"40b4ae8f\" data-element_type=\"container\">\n\t\t\t\t<div class=\"elementor-element elementor-element-100a64e elementor-widget elementor-widget-image\" data-id=\"100a64e\" data-element_type=\"widget\" data-widget_type=\"image.default\">\n\t\t\t\t<div class=\"elementor-widget-container\">\n\t\t\t\t\t\t\t\t\t\t\t\t\t\t\t<img decoding=\"async\" width=\"123\" height=\"206\" src=\"https:\/\/kongernesferiepark.dk\/wp-content\/uploads\/2025\/10\/logo-icon.svg\" class=\"attachment-full size-full wp-image-11549\" alt=\"\" \/>\t\t\t\t\t\t\t\t\t\t\t\t\t\t\t<\/div>\n\t\t\t\t<\/div>\n\t\t\t\t<div class=\"elementor-element elementor-element-4a35733e elementor-widget elementor-widget-text-editor\" data-id=\"4a35733e\" data-element_type=\"widget\" data-widget_type=\"text-editor.default\">\n\t\t\t\t<div class=\"elementor-widget-container\">\n\t\t\t\t\t\t\t\t\t<h2>Buchen Sie Ihren Urlaub oder Ihre Veranstaltung bei uns<\/h2><p>W\u00fcnschen Sie sich einen Urlaub voller Gem\u00fctlichkeit und unvergesslicher Erlebnisse \u2013 oder suchen Sie einen Ort f\u00fcr ein Treffen mit Familie, Freunden oder Kollegen? Dann ist der Kongernes Feriepark die perfekte Wahl. Wir freuen uns darauf, Sie bei uns begr\u00fc\u00dfen zu d\u00fcrfen und den idealen Rahmen f\u00fcr alles zu schaffen \u2013 vom entspannten Wochenende bis zum unterhaltsamen Firmenevent.  <\/p><p>Kontaktieren Sie uns noch heute, um zu buchen oder mehr zu erfahren. Sie erreichen uns telefonisch unter<a href=\"tel:48318448\" aria-label=\"Telefon nummer\">48 31 84 48<\/a> oder schreiben Sie uns an   <a href=\"mailto:info@kongernesferiepark.dk\" aria-label=\"Email adresse\">info@kongernesferiepark.dk<\/a><\/p><p>Wir sehen uns auf dem Campingplatz \u2013 Ihre Gastgeber, Familie Lundsh\u00f8j.<\/p>\t\t\t\t\t\t\t\t<\/div>\n\t\t\t\t<\/div>\n\t\t\t\t<\/div>\n\t\t\t\t<\/div>\n\t\t\t\t<\/div>\n\t\t\t\t<\/div>\n\t\t\t\t\t\t<\/div>\n\t\t\t\t<\/div>\n\t\t\t\t<\/div>\n\t\t\t\t<\/div>\n\t\t","protected":false},"excerpt":{"rendered":"<p>Rabatt f\u00fcr DCU-Mitglieder Gro\u00dfer Rabatt f\u00fcr DCU-Mitglieder Werden Sie Mitglied der DCU \u2013 Danish Camping Union und sparen Sie viel Geld bei der Unterkunft\u2026 Hier k\u00f6nnen Sie eine DCU-Mitgliedschaft erwerben. DCU-Mitglieder k\u00f6nnen ihre Rabatte und Vorteile im Kongernes Feriepark nutzen. Wir sind ein DCU-Partner, daher k\u00f6nnen Sie mit Ihrer Mitgliedschaft bei Ihrem Aufenthalt bei uns &#8230; <a title=\"Rabatt f\u00fcr DCU-Mitglieder\" class=\"read-more\" href=\"https:\/\/kongernesferiepark.dk\/de\/angebote\/rabatt-fuer-dcu-mitglieder\/\" aria-label=\"Mehr Informationen \u00fcber Rabatt f\u00fcr DCU-Mitglieder\">Weiterlesen &#8230;<\/a><\/p>\n","protected":false},"author":5,"featured_media":13131,"parent":13322,"menu_order":0,"comment_status":"closed","ping_status":"closed","template":"","meta":{"_acf_changed":false,"footnotes":""},"categories":[106],"class_list":{"0":"post-13519","1":"page","2":"type-page","3":"status-publish","4":"has-post-thumbnail","6":"category-angebote"},"acf":[],"yoast_head":"<!-- This site is optimized with the Yoast SEO plugin v27.5 - https:\/\/yoast.com\/product\/yoast-seo-wordpress\/ -->\n<title>Rabatt f\u00fcr DCU-Mitglieder | Kongernes Ferienpark<\/title>\n<meta name=\"description\" content=\"Rabatt f\u00fcr DCU-Mitglieder | Kongernes Ferienpark\" \/>\n<meta name=\"robots\" content=\"index, follow, max-snippet:-1, max-image-preview:large, max-video-preview:-1\" \/>\n<link rel=\"canonical\" href=\"https:\/\/kongernesferiepark.dk\/de\/angebote\/rabatt-fuer-dcu-mitglieder\/\" \/>\n<meta property=\"og:locale\" content=\"de_DE\" \/>\n<meta property=\"og:type\" content=\"article\" \/>\n<meta property=\"og:title\" content=\"Rabatt f\u00fcr DCU-Mitglieder | Kongernes Ferienpark\" \/>\n<meta property=\"og:description\" content=\"Rabatt f\u00fcr DCU-Mitglieder | Kongernes Ferienpark\" \/>\n<meta property=\"og:url\" content=\"https:\/\/kongernesferiepark.dk\/de\/angebote\/rabatt-fuer-dcu-mitglieder\/\" \/>\n<meta property=\"og:site_name\" content=\"Kongernes Feriepark\" \/>\n<meta property=\"article:modified_time\" content=\"2025-12-15T10:03:51+00:00\" \/>\n<meta property=\"og:image\" content=\"https:\/\/kongernesferiepark.dk\/wp-content\/uploads\/2025\/11\/post.jpg\" \/>\n\t<meta property=\"og:image:width\" content=\"1500\" \/>\n\t<meta property=\"og:image:height\" content=\"1179\" \/>\n\t<meta property=\"og:image:type\" content=\"image\/jpeg\" \/>\n<meta name=\"twitter:card\" content=\"summary_large_image\" \/>\n<meta name=\"twitter:label1\" content=\"Gesch\u00e4tzte Lesezeit\" \/>\n\t<meta name=\"twitter:data1\" content=\"1\u00a0Minute\" \/>\n<script type=\"application\/ld+json\" class=\"yoast-schema-graph\">{\"@context\":\"https:\\\/\\\/schema.org\",\"@graph\":[{\"@type\":\"WebPage\",\"@id\":\"https:\\\/\\\/kongernesferiepark.dk\\\/de\\\/angebote\\\/rabatt-fuer-dcu-mitglieder\\\/\",\"url\":\"https:\\\/\\\/kongernesferiepark.dk\\\/de\\\/angebote\\\/rabatt-fuer-dcu-mitglieder\\\/\",\"name\":\"Rabatt f\u00fcr DCU-Mitglieder | Kongernes Ferienpark\",\"isPartOf\":{\"@id\":\"https:\\\/\\\/kongernesferiepark.dk\\\/de\\\/#website\"},\"primaryImageOfPage\":{\"@id\":\"https:\\\/\\\/kongernesferiepark.dk\\\/de\\\/angebote\\\/rabatt-fuer-dcu-mitglieder\\\/#primaryimage\"},\"image\":{\"@id\":\"https:\\\/\\\/kongernesferiepark.dk\\\/de\\\/angebote\\\/rabatt-fuer-dcu-mitglieder\\\/#primaryimage\"},\"thumbnailUrl\":\"https:\\\/\\\/kongernesferiepark.dk\\\/wp-content\\\/uploads\\\/2025\\\/11\\\/post.jpg\",\"datePublished\":\"2025-10-16T10:45:37+00:00\",\"dateModified\":\"2025-12-15T10:03:51+00:00\",\"description\":\"Rabatt f\u00fcr DCU-Mitglieder | Kongernes Ferienpark\",\"breadcrumb\":{\"@id\":\"https:\\\/\\\/kongernesferiepark.dk\\\/de\\\/angebote\\\/rabatt-fuer-dcu-mitglieder\\\/#breadcrumb\"},\"inLanguage\":\"de\",\"potentialAction\":[{\"@type\":\"ReadAction\",\"target\":[\"https:\\\/\\\/kongernesferiepark.dk\\\/de\\\/angebote\\\/rabatt-fuer-dcu-mitglieder\\\/\"]}]},{\"@type\":\"ImageObject\",\"inLanguage\":\"de\",\"@id\":\"https:\\\/\\\/kongernesferiepark.dk\\\/de\\\/angebote\\\/rabatt-fuer-dcu-mitglieder\\\/#primaryimage\",\"url\":\"https:\\\/\\\/kongernesferiepark.dk\\\/wp-content\\\/uploads\\\/2025\\\/11\\\/post.jpg\",\"contentUrl\":\"https:\\\/\\\/kongernesferiepark.dk\\\/wp-content\\\/uploads\\\/2025\\\/11\\\/post.jpg\",\"width\":1500,\"height\":1179},{\"@type\":\"BreadcrumbList\",\"@id\":\"https:\\\/\\\/kongernesferiepark.dk\\\/de\\\/angebote\\\/rabatt-fuer-dcu-mitglieder\\\/#breadcrumb\",\"itemListElement\":[{\"@type\":\"ListItem\",\"position\":1,\"name\":\"Forside\",\"item\":\"https:\\\/\\\/kongernesferiepark.dk\\\/de\\\/\"},{\"@type\":\"ListItem\",\"position\":2,\"name\":\"Angebote\",\"item\":\"https:\\\/\\\/kongernesferiepark.dk\\\/de\\\/angebote\\\/\"},{\"@type\":\"ListItem\",\"position\":3,\"name\":\"Rabatt f\u00fcr DCU-Mitglieder\"}]},{\"@type\":\"WebSite\",\"@id\":\"https:\\\/\\\/kongernesferiepark.dk\\\/de\\\/#website\",\"url\":\"https:\\\/\\\/kongernesferiepark.dk\\\/de\\\/\",\"name\":\"Kongernes Feriepark\",\"description\":\"Campingplads i natursk\u00f8nne omgivelser\",\"publisher\":{\"@id\":\"https:\\\/\\\/kongernesferiepark.dk\\\/de\\\/#organization\"},\"potentialAction\":[{\"@type\":\"SearchAction\",\"target\":{\"@type\":\"EntryPoint\",\"urlTemplate\":\"https:\\\/\\\/kongernesferiepark.dk\\\/de\\\/?s={search_term_string}\"},\"query-input\":{\"@type\":\"PropertyValueSpecification\",\"valueRequired\":true,\"valueName\":\"search_term_string\"}}],\"inLanguage\":\"de\"},{\"@type\":\"Organization\",\"@id\":\"https:\\\/\\\/kongernesferiepark.dk\\\/de\\\/#organization\",\"name\":\"Kongernes Feriepark\",\"url\":\"https:\\\/\\\/kongernesferiepark.dk\\\/de\\\/\",\"logo\":{\"@type\":\"ImageObject\",\"inLanguage\":\"de\",\"@id\":\"https:\\\/\\\/kongernesferiepark.dk\\\/de\\\/#\\\/schema\\\/logo\\\/image\\\/\",\"url\":\"https:\\\/\\\/kongernesferiepark.dk\\\/wp-content\\\/uploads\\\/2025\\\/10\\\/logo.svg\",\"contentUrl\":\"https:\\\/\\\/kongernesferiepark.dk\\\/wp-content\\\/uploads\\\/2025\\\/10\\\/logo.svg\",\"width\":614,\"height\":206,\"caption\":\"Kongernes Feriepark\"},\"image\":{\"@id\":\"https:\\\/\\\/kongernesferiepark.dk\\\/de\\\/#\\\/schema\\\/logo\\\/image\\\/\"}}]}<\/script>\n<!-- \/ Yoast SEO plugin. -->","yoast_head_json":{"title":"Rabatt f\u00fcr DCU-Mitglieder | Kongernes Ferienpark","description":"Rabatt f\u00fcr DCU-Mitglieder | Kongernes Ferienpark","robots":{"index":"index","follow":"follow","max-snippet":"max-snippet:-1","max-image-preview":"max-image-preview:large","max-video-preview":"max-video-preview:-1"},"canonical":"https:\/\/kongernesferiepark.dk\/de\/angebote\/rabatt-fuer-dcu-mitglieder\/","og_locale":"de_DE","og_type":"article","og_title":"Rabatt f\u00fcr DCU-Mitglieder | Kongernes Ferienpark","og_description":"Rabatt f\u00fcr DCU-Mitglieder | Kongernes Ferienpark","og_url":"https:\/\/kongernesferiepark.dk\/de\/angebote\/rabatt-fuer-dcu-mitglieder\/","og_site_name":"Kongernes Feriepark","article_modified_time":"2025-12-15T10:03:51+00:00","og_image":[{"width":1500,"height":1179,"url":"https:\/\/kongernesferiepark.dk\/wp-content\/uploads\/2025\/11\/post.jpg","type":"image\/jpeg"}],"twitter_card":"summary_large_image","twitter_misc":{"Gesch\u00e4tzte Lesezeit":"1\u00a0Minute"},"schema":{"@context":"https:\/\/schema.org","@graph":[{"@type":"WebPage","@id":"https:\/\/kongernesferiepark.dk\/de\/angebote\/rabatt-fuer-dcu-mitglieder\/","url":"https:\/\/kongernesferiepark.dk\/de\/angebote\/rabatt-fuer-dcu-mitglieder\/","name":"Rabatt f\u00fcr DCU-Mitglieder | Kongernes Ferienpark","isPartOf":{"@id":"https:\/\/kongernesferiepark.dk\/de\/#website"},"primaryImageOfPage":{"@id":"https:\/\/kongernesferiepark.dk\/de\/angebote\/rabatt-fuer-dcu-mitglieder\/#primaryimage"},"image":{"@id":"https:\/\/kongernesferiepark.dk\/de\/angebote\/rabatt-fuer-dcu-mitglieder\/#primaryimage"},"thumbnailUrl":"https:\/\/kongernesferiepark.dk\/wp-content\/uploads\/2025\/11\/post.jpg","datePublished":"2025-10-16T10:45:37+00:00","dateModified":"2025-12-15T10:03:51+00:00","description":"Rabatt f\u00fcr DCU-Mitglieder | Kongernes Ferienpark","breadcrumb":{"@id":"https:\/\/kongernesferiepark.dk\/de\/angebote\/rabatt-fuer-dcu-mitglieder\/#breadcrumb"},"inLanguage":"de","potentialAction":[{"@type":"ReadAction","target":["https:\/\/kongernesferiepark.dk\/de\/angebote\/rabatt-fuer-dcu-mitglieder\/"]}]},{"@type":"ImageObject","inLanguage":"de","@id":"https:\/\/kongernesferiepark.dk\/de\/angebote\/rabatt-fuer-dcu-mitglieder\/#primaryimage","url":"https:\/\/kongernesferiepark.dk\/wp-content\/uploads\/2025\/11\/post.jpg","contentUrl":"https:\/\/kongernesferiepark.dk\/wp-content\/uploads\/2025\/11\/post.jpg","width":1500,"height":1179},{"@type":"BreadcrumbList","@id":"https:\/\/kongernesferiepark.dk\/de\/angebote\/rabatt-fuer-dcu-mitglieder\/#breadcrumb","itemListElement":[{"@type":"ListItem","position":1,"name":"Forside","item":"https:\/\/kongernesferiepark.dk\/de\/"},{"@type":"ListItem","position":2,"name":"Angebote","item":"https:\/\/kongernesferiepark.dk\/de\/angebote\/"},{"@type":"ListItem","position":3,"name":"Rabatt f\u00fcr DCU-Mitglieder"}]},{"@type":"WebSite","@id":"https:\/\/kongernesferiepark.dk\/de\/#website","url":"https:\/\/kongernesferiepark.dk\/de\/","name":"Kongernes Feriepark","description":"Campingplads i natursk\u00f8nne omgivelser","publisher":{"@id":"https:\/\/kongernesferiepark.dk\/de\/#organization"},"potentialAction":[{"@type":"SearchAction","target":{"@type":"EntryPoint","urlTemplate":"https:\/\/kongernesferiepark.dk\/de\/?s={search_term_string}"},"query-input":{"@type":"PropertyValueSpecification","valueRequired":true,"valueName":"search_term_string"}}],"inLanguage":"de"},{"@type":"Organization","@id":"https:\/\/kongernesferiepark.dk\/de\/#organization","name":"Kongernes Feriepark","url":"https:\/\/kongernesferiepark.dk\/de\/","logo":{"@type":"ImageObject","inLanguage":"de","@id":"https:\/\/kongernesferiepark.dk\/de\/#\/schema\/logo\/image\/","url":"https:\/\/kongernesferiepark.dk\/wp-content\/uploads\/2025\/10\/logo.svg","contentUrl":"https:\/\/kongernesferiepark.dk\/wp-content\/uploads\/2025\/10\/logo.svg","width":614,"height":206,"caption":"Kongernes Feriepark"},"image":{"@id":"https:\/\/kongernesferiepark.dk\/de\/#\/schema\/logo\/image\/"}}]}},"_links":{"self":[{"href":"https:\/\/kongernesferiepark.dk\/de\/wp-json\/wp\/v2\/pages\/13519","targetHints":{"allow":["GET"]}}],"collection":[{"href":"https:\/\/kongernesferiepark.dk\/de\/wp-json\/wp\/v2\/pages"}],"about":[{"href":"https:\/\/kongernesferiepark.dk\/de\/wp-json\/wp\/v2\/types\/page"}],"author":[{"embeddable":true,"href":"https:\/\/kongernesferiepark.dk\/de\/wp-json\/wp\/v2\/users\/5"}],"replies":[{"embeddable":true,"href":"https:\/\/kongernesferiepark.dk\/de\/wp-json\/wp\/v2\/comments?post=13519"}],"version-history":[{"count":1,"href":"https:\/\/kongernesferiepark.dk\/de\/wp-json\/wp\/v2\/pages\/13519\/revisions"}],"predecessor-version":[{"id":13522,"href":"https:\/\/kongernesferiepark.dk\/de\/wp-json\/wp\/v2\/pages\/13519\/revisions\/13522"}],"up":[{"embeddable":true,"href":"https:\/\/kongernesferiepark.dk\/de\/wp-json\/wp\/v2\/pages\/13322"}],"wp:featuredmedia":[{"embeddable":true,"href":"https:\/\/kongernesferiepark.dk\/de\/wp-json\/wp\/v2\/media\/13131"}],"wp:attachment":[{"href":"https:\/\/kongernesferiepark.dk\/de\/wp-json\/wp\/v2\/media?parent=13519"}],"wp:term":[{"taxonomy":"category","embeddable":true,"href":"https:\/\/kongernesferiepark.dk\/de\/wp-json\/wp\/v2\/categories?post=13519"}],"curies":[{"name":"wp","href":"https:\/\/api.w.org\/{rel}","templated":true}]}}